{"id":271,"date":"2020-10-29T11:17:16","date_gmt":"2020-10-29T14:17:16","guid":{"rendered":"https:\/\/arinteligencia.com.br\/?page_id=271"},"modified":"2025-08-04T20:03:52","modified_gmt":"2025-08-04T23:03:52","slug":"fale-com-a-gente","status":"publish","type":"page","link":"https:\/\/arinteligencia.com.br\/en\/fale-com-a-gente\/","title":{"rendered":"CONTACT US"},"content":{"rendered":"<div data-elementor-type=\"wp-page\" data-elementor-id=\"271\" class=\"elementor elementor-271\" data-elementor-post-type=\"page\">\n\t\t\t\t\t\t<section class=\"elementor-section elementor-top-section elementor-element elementor-element-b802fb7 elementor-section-height-min-height elementor-section-boxed elementor-section-height-default elementor-section-items-middle\" data-id=\"b802fb7\" data-element_type=\"section\" data-settings=\"{&quot;background_background&quot;:&quot;classic&quot;}\">\n\t\t\t\t\t\t\t<div class=\"elementor-background-overlay\"><\/div>\n\t\t\t\t\t\t\t<div class=\"elementor-container elementor-column-gap-default\">\n\t\t\t\t\t<div class=\"elementor-column elementor-col-100 elementor-top-column elementor-element elementor-element-401bbf1\" data-id=\"401bbf1\" data-element_type=\"column\">\n\t\t\t<div class=\"elementor-widget-wrap elementor-element-populated\">\n\t\t\t\t\t\t<div class=\"elementor-element elementor-element-e962ea2 elementor-widget elementor-widget-heading\" data-id=\"e962ea2\" data-element_type=\"widget\" data-widget_type=\"heading.default\">\n\t\t\t\t\t<h2 class=\"elementor-heading-title elementor-size-default\">CONTACT US<\/h2>\t\t\t\t<\/div>\n\t\t\t\t\t<\/div>\n\t\t<\/div>\n\t\t\t\t\t<\/div>\n\t\t<\/section>\n\t\t\t\t<section class=\"elementor-section elementor-top-section elementor-element elementor-element-b97f11c elementor-section-boxed elementor-section-height-default elementor-section-height-default elementor-invisible\" data-id=\"b97f11c\" data-element_type=\"section\" data-settings=\"{&quot;animation&quot;:&quot;fadeInUp&quot;}\">\n\t\t\t\t\t\t<div class=\"elementor-container elementor-column-gap-default\">\n\t\t\t\t\t<div class=\"elementor-column elementor-col-100 elementor-top-column elementor-element elementor-element-a6c6626\" data-id=\"a6c6626\" data-element_type=\"column\">\n\t\t\t<div class=\"elementor-widget-wrap elementor-element-populated\">\n\t\t\t\t\t\t<div class=\"elementor-element elementor-element-fd51640 elementor-widget elementor-widget-heading\" data-id=\"fd51640\" data-element_type=\"widget\" data-widget_type=\"heading.default\">\n\t\t\t\t\t<h2 class=\"elementor-heading-title elementor-size-default\">Schedule a meeting with one of our experts <\/h2>\t\t\t\t<\/div>\n\t\t\t\t\t<\/div>\n\t\t<\/div>\n\t\t\t\t\t<\/div>\n\t\t<\/section>\n\t\t\t\t<section class=\"elementor-section elementor-top-section elementor-element elementor-element-bf6de82 elementor-section-boxed elementor-section-height-default elementor-section-height-default\" data-id=\"bf6de82\" data-element_type=\"section\">\n\t\t\t\t\t\t<div class=\"elementor-container elementor-column-gap-default\">\n\t\t\t\t\t<div class=\"elementor-column elementor-col-50 elementor-top-column elementor-element elementor-element-7184e64 elementor-invisible\" data-id=\"7184e64\" data-element_type=\"column\" data-settings=\"{&quot;animation&quot;:&quot;fadeInLeft&quot;}\">\n\t\t\t<div class=\"elementor-widget-wrap elementor-element-populated\">\n\t\t\t\t\t\t<div class=\"elementor-element elementor-element-90669a2 elementor-button-align-stretch elementor-widget elementor-widget-form\" data-id=\"90669a2\" data-element_type=\"widget\" data-settings=\"{&quot;step_next_label&quot;:&quot;Next&quot;,&quot;step_previous_label&quot;:&quot;Previous&quot;,&quot;button_width&quot;:&quot;100&quot;,&quot;step_type&quot;:&quot;number_text&quot;,&quot;step_icon_shape&quot;:&quot;circle&quot;}\" data-widget_type=\"form.default\">\n\t\t\t\t\t\t\t<form class=\"elementor-form\" method=\"post\" name=\"New Form\" aria-label=\"New Form\" action=\"\">\n\t\t\t<input type=\"hidden\" name=\"post_id\" value=\"271\"\/>\n\t\t\t<input type=\"hidden\" name=\"form_id\" value=\"90669a2\"\/>\n\t\t\t<input type=\"hidden\" name=\"referer_title\" value=\"Fale com a gente - A. R Intelig\u00eancia de Mercado\" \/>\n\n\t\t\t\t\t\t\t<input type=\"hidden\" name=\"queried_id\" value=\"271\"\/>\n\t\t\t\n\t\t\t<div class=\"elementor-form-fields-wrapper elementor-labels-above\">\n\t\t\t\t\t\t\t\t<div class=\"elementor-field-type-text elementor-field-group elementor-column elementor-field-group-field_014c829 elementor-col-100 elementor-field-required\">\n\t\t\t\t\t\t\t\t\t\t\t\t<label for=\"form-field-field_014c829\" class=\"elementor-field-label\">\n\t\t\t\t\t\t\t\tName\t\t\t\t\t\t\t<\/label>\n\t\t\t\t\t\t\t\t\t\t\t\t\t\t<input size=\"1\" type=\"text\" name=\"form_fields[field_014c829]\" id=\"form-field-field_014c829\" class=\"elementor-field elementor-size-sm  elementor-field-textual\" required=\"required\">\n\t\t\t\t\t\t\t\t\t\t\t<\/div>\n\t\t\t\t\t\t\t\t<div class=\"elementor-field-type-text elementor-field-group elementor-column elementor-field-group-field_5b7de62 elementor-col-100 elementor-field-required\">\n\t\t\t\t\t\t\t\t\t\t\t\t<label for=\"form-field-field_5b7de62\" class=\"elementor-field-label\">\n\t\t\t\t\t\t\t\tEnterprise\t\t\t\t\t\t\t<\/label>\n\t\t\t\t\t\t\t\t\t\t\t\t\t\t<input size=\"1\" type=\"text\" name=\"form_fields[field_5b7de62]\" id=\"form-field-field_5b7de62\" class=\"elementor-field elementor-size-sm  elementor-field-textual\" required=\"required\">\n\t\t\t\t\t\t\t\t\t\t\t<\/div>\n\t\t\t\t\t\t\t\t<div class=\"elementor-field-type-text elementor-field-group elementor-column elementor-field-group-field_699b96c elementor-col-100 elementor-field-required\">\n\t\t\t\t\t\t\t\t\t\t\t\t<label for=\"form-field-field_699b96c\" class=\"elementor-field-label\">\n\t\t\t\t\t\t\t\tPosition\t\t\t\t\t\t\t<\/label>\n\t\t\t\t\t\t\t\t\t\t\t\t\t\t<input size=\"1\" type=\"text\" name=\"form_fields[field_699b96c]\" id=\"form-field-field_699b96c\" class=\"elementor-field elementor-size-sm  elementor-field-textual\" required=\"required\">\n\t\t\t\t\t\t\t\t\t\t\t<\/div>\n\t\t\t\t\t\t\t\t<div class=\"elementor-field-type-email elementor-field-group elementor-column elementor-field-group-field_5648924 elementor-col-100 elementor-field-required\">\n\t\t\t\t\t\t\t\t\t\t\t\t<label for=\"form-field-field_5648924\" class=\"elementor-field-label\">\n\t\t\t\t\t\t\t\tEmail\t\t\t\t\t\t\t<\/label>\n\t\t\t\t\t\t\t\t\t\t\t\t\t\t<input size=\"1\" type=\"email\" name=\"form_fields[field_5648924]\" id=\"form-field-field_5648924\" class=\"elementor-field elementor-size-sm  elementor-field-textual\" required=\"required\">\n\t\t\t\t\t\t\t\t\t\t\t<\/div>\n\t\t\t\t\t\t\t\t<div class=\"elementor-field-type-text elementor-field-group elementor-column elementor-field-group-field_2c544c9 elementor-col-100 elementor-field-required\">\n\t\t\t\t\t\t\t\t\t\t\t\t<label for=\"form-field-field_2c544c9\" class=\"elementor-field-label\">\n\t\t\t\t\t\t\t\tTelephone\t\t\t\t\t\t\t<\/label>\n\t\t\t\t\t\t\t\t\t\t\t\t\t\t<input size=\"1\" type=\"text\" name=\"form_fields[field_2c544c9]\" id=\"form-field-field_2c544c9\" class=\"elementor-field elementor-size-sm  elementor-field-textual\" required=\"required\">\n\t\t\t\t\t\t\t\t\t\t\t<\/div>\n\t\t\t\t\t\t\t\t<div class=\"elementor-field-type-textarea elementor-field-group elementor-column elementor-field-group-field_4b0350e elementor-col-100\">\n\t\t\t\t\t\t\t\t\t\t\t\t<label for=\"form-field-field_4b0350e\" class=\"elementor-field-label\">\n\t\t\t\t\t\t\t\tWhat can we do for you?\t\t\t\t\t\t\t<\/label>\n\t\t\t\t\t\t<textarea class=\"elementor-field-textual elementor-field  elementor-size-sm\" name=\"form_fields[field_4b0350e]\" id=\"form-field-field_4b0350e\" rows=\"4\"><\/textarea>\t\t\t\t<\/div>\n\t\t\t\t\t\t\t\t<div class=\"elementor-field-group elementor-column elementor-field-type-submit elementor-col-100 e-form__buttons\">\n\t\t\t\t\t<button class=\"elementor-button elementor-size-sm elementor-animation-shrink\" type=\"submit\">\n\t\t\t\t\t\t<span class=\"elementor-button-content-wrapper\">\n\t\t\t\t\t\t\t\t\t\t\t\t\t\t\t\t\t\t\t\t\t\t<span class=\"elementor-button-text\">Send<\/span>\n\t\t\t\t\t\t\t\t\t\t\t\t\t<\/span>\n\t\t\t\t\t<\/button>\n\t\t\t\t<\/div>\n\t\t\t<\/div>\n\t\t<input type=\"hidden\" name=\"trp-form-language\" value=\"en\"\/><\/form>\n\t\t\t\t\t\t<\/div>\n\t\t\t\t\t<\/div>\n\t\t<\/div>\n\t\t\t\t<div class=\"elementor-column elementor-col-50 elementor-top-column elementor-element elementor-element-2cef91c elementor-invisible\" data-id=\"2cef91c\" data-element_type=\"column\" data-settings=\"{&quot;animation&quot;:&quot;fadeInRight&quot;}\">\n\t\t\t<div class=\"elementor-widget-wrap elementor-element-populated\">\n\t\t\t\t\t\t<div class=\"elementor-element elementor-element-6d797e4 elementor-widget elementor-widget-text-editor\" data-id=\"6d797e4\" data-element_type=\"widget\" data-widget_type=\"text-editor.default\">\n\t\t\t\t\t\t\t\t\t<p><strong>MATRIZ<\/strong><\/p>\t\t\t\t\t\t\t\t<\/div>\n\t\t\t\t<div class=\"elementor-element elementor-element-9da2b16 elementor-widget elementor-widget-google_maps\" data-id=\"9da2b16\" data-element_type=\"widget\" data-widget_type=\"google_maps.default\">\n\t\t\t\t\t\t\t<div class=\"elementor-custom-embed\">\n\t\t\t<iframe loading=\"lazy\"\n\t\t\t\t\tsrc=\"https:\/\/maps.google.com\/maps?q=Rodovia%20Jos%C3%A9%20Carlos%20Daux%20%2C%203116%20-%20Sala%20601%20-%20Centro%20de%20Neg%C3%B3cio%20Floripa%20Shopping%20-%20CEP%2088.052-401%20-%20Florian%C3%B3polis%20-%20SC.&#038;t=m&#038;z=15&#038;output=embed&#038;iwloc=near\"\n\t\t\t\t\ttitle=\"Rodovia Jos\u00e9 Carlos Daux , 3116 - Sala 601 - Centro de Neg\u00f3cio Floripa Shopping - CEP 88.052-401 - Florian\u00f3polis - SC.\"\n\t\t\t\t\taria-label=\"Rodovia Jos\u00e9 Carlos Daux , 3116 - Sala 601 - Centro de Neg\u00f3cio Floripa Shopping - CEP 88.052-401 - Florian\u00f3polis - SC.\"\n\t\t\t><\/iframe>\n\t\t<\/div>\n\t\t\t\t\t\t<\/div>\n\t\t\t\t<div class=\"elementor-element elementor-element-fcf2f79 elementor-widget elementor-widget-text-editor\" data-id=\"fcf2f79\" data-element_type=\"widget\" data-widget_type=\"text-editor.default\">\n\t\t\t\t\t\t\t\t\t<p><strong>UNIDADE OPERACIONAL SP<\/strong><\/p>\t\t\t\t\t\t\t\t<\/div>\n\t\t\t\t<div class=\"elementor-element elementor-element-41a29a5 elementor-widget elementor-widget-google_maps\" data-id=\"41a29a5\" data-element_type=\"widget\" data-widget_type=\"google_maps.default\">\n\t\t\t\t\t\t\t<div class=\"elementor-custom-embed\">\n\t\t\t<iframe loading=\"lazy\"\n\t\t\t\t\tsrc=\"https:\/\/maps.google.com\/maps?q=Av.%20Brigadeiro%20Faria%20Lima%2C%204221&#038;t=m&#038;z=15&#038;output=embed&#038;iwloc=near\"\n\t\t\t\t\ttitle=\"Av. Brigadeiro Faria Lima, 4221\"\n\t\t\t\t\taria-label=\"Av. Brigadeiro Faria Lima, 4221\"\n\t\t\t><\/iframe>\n\t\t<\/div>\n\t\t\t\t\t\t<\/div>\n\t\t\t\t\t<\/div>\n\t\t<\/div>\n\t\t\t\t\t<\/div>\n\t\t<\/section>\n\t\t\t\t<section class=\"elementor-section elementor-top-section elementor-element elementor-element-b11dbca elementor-section-boxed elementor-section-height-default elementor-section-height-default\" data-id=\"b11dbca\" data-element_type=\"section\" data-settings=\"{&quot;background_background&quot;:&quot;classic&quot;}\">\n\t\t\t\t\t\t<div class=\"elementor-container elementor-column-gap-default\">\n\t\t\t\t\t<div class=\"elementor-column elementor-col-100 elementor-top-column elementor-element elementor-element-6527ce8\" data-id=\"6527ce8\" data-element_type=\"column\">\n\t\t\t<div class=\"elementor-widget-wrap elementor-element-populated\">\n\t\t\t\t\t\t<div class=\"elementor-element elementor-element-830a2fd elementor-widget elementor-widget-heading\" data-id=\"830a2fd\" data-element_type=\"widget\" data-widget_type=\"heading.default\">\n\t\t\t\t\t<h2 class=\"elementor-heading-title elementor-size-default\">Fa\u00e7a parte do nosso time de campe\u00f5es<\/h2>\t\t\t\t<\/div>\n\t\t\t\t<div class=\"elementor-element elementor-element-a6954ee elementor-align-justify elementor-widget elementor-widget-button\" data-id=\"a6954ee\" data-element_type=\"widget\" data-widget_type=\"button.default\">\n\t\t\t\t\t\t\t\t\t\t<a class=\"elementor-button elementor-button-link elementor-size-lg\" href=\"https:\/\/arinteligencia.com.br\/trabalhe\/\">\n\t\t\t\t\t\t<span class=\"elementor-button-content-wrapper\">\n\t\t\t\t\t\t\t\t\t<span class=\"elementor-button-text\">QUERO SER UM REPRESENTANTE COMERCIAL DE SUCESSO<\/span>\n\t\t\t\t\t<\/span>\n\t\t\t\t\t<\/a>\n\t\t\t\t\t\t\t\t<\/div>\n\t\t\t\t\t<\/div>\n\t\t<\/div>\n\t\t\t\t\t<\/div>\n\t\t<\/section>\n\t\t\t\t<\/div>","protected":false},"excerpt":{"rendered":"<p>Agende uma reuni\u00e3o com um dos nossos especialistas MATRIZ UNIDADE OPERACIONAL SP Fa\u00e7a parte do nosso time de campe\u00f5es QUERO SER UM REPRESENTANTE COMERCIAL DE SUCESSO<\/p>","protected":false},"author":1,"featured_media":630,"parent":0,"menu_order":0,"comment_status":"closed","ping_status":"closed","template":"elementor_header_footer","meta":{"footnotes":""},"class_list":["post-271","page","type-page","status-publish","has-post-thumbnail","hentry"],"yoast_head":"<!-- This site is optimized with the Yoast SEO plugin v25.7 - https:\/\/yoast.com\/wordpress\/plugins\/seo\/ -->\n<title>Fale com a gente - A. R Intelig\u00eancia de Mercado<\/title>\n<meta name=\"robots\" content=\"index, follow, max-snippet:-1, max-image-preview:large, max-video-preview:-1\" \/>\n<link rel=\"canonical\" href=\"https:\/\/arinteligencia.com.br\/en\/fale-com-a-gente\/\" \/>\n<meta property=\"og:locale\" content=\"en_GB\" \/>\n<meta property=\"og:type\" content=\"article\" \/>\n<meta property=\"og:title\" content=\"Fale com a gente - A. R Intelig\u00eancia de Mercado\" \/>\n<meta property=\"og:description\" content=\"Agende uma reuni\u00e3o com um dos nossos especialistas MATRIZ UNIDADE OPERACIONAL SP Fa\u00e7a parte do nosso time de campe\u00f5es QUERO SER UM REPRESENTANTE COMERCIAL DE SUCESSO\" \/>\n<meta property=\"og:url\" content=\"https:\/\/arinteligencia.com.br\/en\/fale-com-a-gente\/\" \/>\n<meta property=\"og:site_name\" content=\"A. R Intelig\u00eancia de Mercado\" \/>\n<meta property=\"article:modified_time\" content=\"2025-08-04T23:03:52+00:00\" \/>\n<meta property=\"og:image\" content=\"https:\/\/arinteligencia.com.br\/wp-content\/uploads\/2020\/11\/ricksnippet.png\" \/>\n\t<meta property=\"og:image:width\" content=\"1920\" \/>\n\t<meta property=\"og:image:height\" content=\"1080\" \/>\n\t<meta property=\"og:image:type\" content=\"image\/png\" \/>\n<meta name=\"twitter:card\" content=\"summary_large_image\" \/>\n<meta name=\"twitter:label1\" content=\"Estimated reading time\" \/>\n\t<meta name=\"twitter:data1\" content=\"1 minute\" \/>\n<script type=\"application\/ld+json\" class=\"yoast-schema-graph\">{\"@context\":\"https:\/\/schema.org\",\"@graph\":[{\"@type\":\"WebPage\",\"@id\":\"https:\/\/arinteligencia.com.br\/fale-com-a-gente\/\",\"url\":\"https:\/\/arinteligencia.com.br\/fale-com-a-gente\/\",\"name\":\"Fale com a gente - A. R Intelig\u00eancia de Mercado\",\"isPartOf\":{\"@id\":\"https:\/\/arinteligencia.com.br\/#website\"},\"primaryImageOfPage\":{\"@id\":\"https:\/\/arinteligencia.com.br\/fale-com-a-gente\/#primaryimage\"},\"image\":{\"@id\":\"https:\/\/arinteligencia.com.br\/fale-com-a-gente\/#primaryimage\"},\"thumbnailUrl\":\"https:\/\/arinteligencia.com.br\/wp-content\/uploads\/2020\/11\/ricksnippet.png\",\"datePublished\":\"2020-10-29T14:17:16+00:00\",\"dateModified\":\"2025-08-04T23:03:52+00:00\",\"breadcrumb\":{\"@id\":\"https:\/\/arinteligencia.com.br\/fale-com-a-gente\/#breadcrumb\"},\"inLanguage\":\"en-GB\",\"potentialAction\":[{\"@type\":\"ReadAction\",\"target\":[\"https:\/\/arinteligencia.com.br\/fale-com-a-gente\/\"]}]},{\"@type\":\"ImageObject\",\"inLanguage\":\"en-GB\",\"@id\":\"https:\/\/arinteligencia.com.br\/fale-com-a-gente\/#primaryimage\",\"url\":\"https:\/\/arinteligencia.com.br\/wp-content\/uploads\/2020\/11\/ricksnippet.png\",\"contentUrl\":\"https:\/\/arinteligencia.com.br\/wp-content\/uploads\/2020\/11\/ricksnippet.png\",\"width\":1920,\"height\":1080},{\"@type\":\"BreadcrumbList\",\"@id\":\"https:\/\/arinteligencia.com.br\/fale-com-a-gente\/#breadcrumb\",\"itemListElement\":[{\"@type\":\"ListItem\",\"position\":1,\"name\":\"In\u00edcio\",\"item\":\"https:\/\/arinteligencia.com.br\/\"},{\"@type\":\"ListItem\",\"position\":2,\"name\":\"Fale com a gente\"}]},{\"@type\":\"WebSite\",\"@id\":\"https:\/\/arinteligencia.com.br\/#website\",\"url\":\"https:\/\/arinteligencia.com.br\/\",\"name\":\"A. R Intelig\u00eancia de Mercado\",\"description\":\"Intelig\u00eancia Competitiva\",\"publisher\":{\"@id\":\"https:\/\/arinteligencia.com.br\/#organization\"},\"potentialAction\":[{\"@type\":\"SearchAction\",\"target\":{\"@type\":\"EntryPoint\",\"urlTemplate\":\"https:\/\/arinteligencia.com.br\/?s={search_term_string}\"},\"query-input\":{\"@type\":\"PropertyValueSpecification\",\"valueRequired\":true,\"valueName\":\"search_term_string\"}}],\"inLanguage\":\"en-GB\"},{\"@type\":\"Organization\",\"@id\":\"https:\/\/arinteligencia.com.br\/#organization\",\"name\":\"A. R Intelig\u00eancia de Mercado\",\"url\":\"https:\/\/arinteligencia.com.br\/\",\"logo\":{\"@type\":\"ImageObject\",\"inLanguage\":\"en-GB\",\"@id\":\"https:\/\/arinteligencia.com.br\/#\/schema\/logo\/image\/\",\"url\":\"https:\/\/arinteligencia.com.br\/wp-content\/uploads\/2020\/11\/LOGO-BRANCO-SITE.png\",\"contentUrl\":\"https:\/\/arinteligencia.com.br\/wp-content\/uploads\/2020\/11\/LOGO-BRANCO-SITE.png\",\"width\":289,\"height\":100,\"caption\":\"A. R Intelig\u00eancia de Mercado\"},\"image\":{\"@id\":\"https:\/\/arinteligencia.com.br\/#\/schema\/logo\/image\/\"}}]}<\/script>\n<!-- \/ Yoast SEO plugin. -->","yoast_head_json":{"title":"Fale com a gente - A. R Intelig\u00eancia de Mercado","robots":{"index":"index","follow":"follow","max-snippet":"max-snippet:-1","max-image-preview":"max-image-preview:large","max-video-preview":"max-video-preview:-1"},"canonical":"https:\/\/arinteligencia.com.br\/en\/fale-com-a-gente\/","og_locale":"en_GB","og_type":"article","og_title":"Fale com a gente - A. R Intelig\u00eancia de Mercado","og_description":"Agende uma reuni\u00e3o com um dos nossos especialistas MATRIZ UNIDADE OPERACIONAL SP Fa\u00e7a parte do nosso time de campe\u00f5es QUERO SER UM REPRESENTANTE COMERCIAL DE SUCESSO","og_url":"https:\/\/arinteligencia.com.br\/en\/fale-com-a-gente\/","og_site_name":"A. R Intelig\u00eancia de Mercado","article_modified_time":"2025-08-04T23:03:52+00:00","og_image":[{"width":1920,"height":1080,"url":"https:\/\/arinteligencia.com.br\/wp-content\/uploads\/2020\/11\/ricksnippet.png","type":"image\/png"}],"twitter_card":"summary_large_image","twitter_misc":{"Estimated reading time":"1 minute"},"schema":{"@context":"https:\/\/schema.org","@graph":[{"@type":"WebPage","@id":"https:\/\/arinteligencia.com.br\/fale-com-a-gente\/","url":"https:\/\/arinteligencia.com.br\/fale-com-a-gente\/","name":"Fale com a gente - A. R Intelig\u00eancia de Mercado","isPartOf":{"@id":"https:\/\/arinteligencia.com.br\/#website"},"primaryImageOfPage":{"@id":"https:\/\/arinteligencia.com.br\/fale-com-a-gente\/#primaryimage"},"image":{"@id":"https:\/\/arinteligencia.com.br\/fale-com-a-gente\/#primaryimage"},"thumbnailUrl":"https:\/\/arinteligencia.com.br\/wp-content\/uploads\/2020\/11\/ricksnippet.png","datePublished":"2020-10-29T14:17:16+00:00","dateModified":"2025-08-04T23:03:52+00:00","breadcrumb":{"@id":"https:\/\/arinteligencia.com.br\/fale-com-a-gente\/#breadcrumb"},"inLanguage":"en-GB","potentialAction":[{"@type":"ReadAction","target":["https:\/\/arinteligencia.com.br\/fale-com-a-gente\/"]}]},{"@type":"ImageObject","inLanguage":"en-GB","@id":"https:\/\/arinteligencia.com.br\/fale-com-a-gente\/#primaryimage","url":"https:\/\/arinteligencia.com.br\/wp-content\/uploads\/2020\/11\/ricksnippet.png","contentUrl":"https:\/\/arinteligencia.com.br\/wp-content\/uploads\/2020\/11\/ricksnippet.png","width":1920,"height":1080},{"@type":"BreadcrumbList","@id":"https:\/\/arinteligencia.com.br\/fale-com-a-gente\/#breadcrumb","itemListElement":[{"@type":"ListItem","position":1,"name":"In\u00edcio","item":"https:\/\/arinteligencia.com.br\/"},{"@type":"ListItem","position":2,"name":"Fale com a gente"}]},{"@type":"WebSite","@id":"https:\/\/arinteligencia.com.br\/#website","url":"https:\/\/arinteligencia.com.br\/","name":"A.R Intelig\u00eancia de Mercado","description":"Intelig\u00eancia Competitiva","publisher":{"@id":"https:\/\/arinteligencia.com.br\/#organization"},"potentialAction":[{"@type":"SearchAction","target":{"@type":"EntryPoint","urlTemplate":"https:\/\/arinteligencia.com.br\/?s={search_term_string}"},"query-input":{"@type":"PropertyValueSpecification","valueRequired":true,"valueName":"search_term_string"}}],"inLanguage":"en-GB"},{"@type":"Organization","@id":"https:\/\/arinteligencia.com.br\/#organization","name":"A.R Intelig\u00eancia de Mercado","url":"https:\/\/arinteligencia.com.br\/","logo":{"@type":"ImageObject","inLanguage":"en-GB","@id":"https:\/\/arinteligencia.com.br\/#\/schema\/logo\/image\/","url":"https:\/\/arinteligencia.com.br\/wp-content\/uploads\/2020\/11\/LOGO-BRANCO-SITE.png","contentUrl":"https:\/\/arinteligencia.com.br\/wp-content\/uploads\/2020\/11\/LOGO-BRANCO-SITE.png","width":289,"height":100,"caption":"A. R Intelig\u00eancia de Mercado"},"image":{"@id":"https:\/\/arinteligencia.com.br\/#\/schema\/logo\/image\/"}}]}},"_links":{"self":[{"href":"https:\/\/arinteligencia.com.br\/en\/wp-json\/wp\/v2\/pages\/271","targetHints":{"allow":["GET"]}}],"collection":[{"href":"https:\/\/arinteligencia.com.br\/en\/wp-json\/wp\/v2\/pages"}],"about":[{"href":"https:\/\/arinteligencia.com.br\/en\/wp-json\/wp\/v2\/types\/page"}],"author":[{"embeddable":true,"href":"https:\/\/arinteligencia.com.br\/en\/wp-json\/wp\/v2\/users\/1"}],"replies":[{"embeddable":true,"href":"https:\/\/arinteligencia.com.br\/en\/wp-json\/wp\/v2\/comments?post=271"}],"version-history":[{"count":0,"href":"https:\/\/arinteligencia.com.br\/en\/wp-json\/wp\/v2\/pages\/271\/revisions"}],"wp:featuredmedia":[{"embeddable":true,"href":"https:\/\/arinteligencia.com.br\/en\/wp-json\/wp\/v2\/media\/630"}],"wp:attachment":[{"href":"https:\/\/arinteligencia.com.br\/en\/wp-json\/wp\/v2\/media?parent=271"}],"curies":[{"name":"wp","href":"https:\/\/api.w.org\/{rel}","templated":true}]}}