{"id":308,"date":"2020-10-29T13:40:52","date_gmt":"2020-10-29T16:40:52","guid":{"rendered":"https:\/\/arinteligencia.com.br\/?page_id=308"},"modified":"2021-01-05T14:50:50","modified_gmt":"2021-01-05T17:50:50","slug":"petroleo-natural","status":"publish","type":"page","link":"https:\/\/arinteligencia.com.br\/en\/areas-de-atuacao\/petroleo-natural\/","title":{"rendered":"Petr\u00f3leo &#038; G\u00e1s Natural"},"content":{"rendered":"<div data-elementor-type=\"wp-page\" data-elementor-id=\"308\" class=\"elementor elementor-308\" data-elementor-post-type=\"page\">\n\t\t\t\t\t\t<section class=\"elementor-section elementor-top-section elementor-element elementor-element-482ac8d elementor-section-height-min-height elementor-section-boxed elementor-section-height-default elementor-section-items-middle\" data-id=\"482ac8d\" data-element_type=\"section\" data-settings=\"{&quot;background_background&quot;:&quot;classic&quot;}\">\n\t\t\t\t\t\t\t<div class=\"elementor-background-overlay\"><\/div>\n\t\t\t\t\t\t\t<div class=\"elementor-container elementor-column-gap-default\">\n\t\t\t\t\t<div class=\"elementor-column elementor-col-100 elementor-top-column elementor-element elementor-element-6cb11ba\" data-id=\"6cb11ba\" data-element_type=\"column\">\n\t\t\t<div class=\"elementor-widget-wrap elementor-element-populated\">\n\t\t\t\t\t\t<div class=\"elementor-element elementor-element-641abeb elementor-absolute elementor-widget elementor-widget-text-editor\" data-id=\"641abeb\" data-element_type=\"widget\" data-settings=\"{&quot;_position&quot;:&quot;absolute&quot;}\" data-widget_type=\"text-editor.default\">\n\t\t\t\t\t\t\t\t\t<span style=\"color: #ffffff;\"><span style=\"text-decoration: underline;\"><strong><a style=\"color: #ffffff; text-decoration: underline;\" href=\"https:\/\/arinteligencia.com.br\/areas-de-atuacao\/\">Areas of Expertise &gt;<\/a><\/strong><\/span> &gt; <span style=\"text-decoration: underline;\"><strong><a style=\"color: #ffffff; text-decoration: underline;\" href=\"https:\/\/arinteligencia.com.br\/areas-de-atuacao\/#import\">Import and Export<\/a><\/strong><\/span> <\/span>\t\t\t\t\t\t\t\t<\/div>\n\t\t\t\t<div class=\"elementor-element elementor-element-04f71a4 elementor-widget elementor-widget-heading\" data-id=\"04f71a4\" data-element_type=\"widget\" data-widget_type=\"heading.default\">\n\t\t\t\t\t<h2 class=\"elementor-heading-title elementor-size-default\">Petr\u00f3leo &#038; G\u00e1s Natural<\/h2>\t\t\t\t<\/div>\n\t\t\t\t<div class=\"elementor-element elementor-element-ec3bc61 elementor-widget elementor-widget-text-editor\" data-id=\"ec3bc61\" data-element_type=\"widget\" data-widget_type=\"text-editor.default\">\n\t\t\t\t\t\t\t\t\t<p>Solu\u00e7\u00f5es inteligentes e seguras em trading para comercializa\u00e7\u00e3o de Petr\u00f3leo e G\u00e1s Natural<\/p>\t\t\t\t\t\t\t\t<\/div>\n\t\t\t\t\t<\/div>\n\t\t<\/div>\n\t\t\t\t\t<\/div>\n\t\t<\/section>\n\t\t\t\t<section class=\"elementor-section elementor-top-section elementor-element elementor-element-3a86972 elementor-section-boxed elementor-section-height-default elementor-section-height-default\" data-id=\"3a86972\" data-element_type=\"section\">\n\t\t\t\t\t\t<div class=\"elementor-container elementor-column-gap-default\">\n\t\t\t\t\t<div class=\"elementor-column elementor-col-100 elementor-top-column elementor-element elementor-element-72f6c7a\" data-id=\"72f6c7a\" data-element_type=\"column\">\n\t\t\t<div class=\"elementor-widget-wrap elementor-element-populated\">\n\t\t\t\t\t\t<div class=\"elementor-element elementor-element-080b1de elementor-widget elementor-widget-heading\" data-id=\"080b1de\" data-element_type=\"widget\" data-widget_type=\"heading.default\">\n\t\t\t\t\t<h2 class=\"elementor-heading-title elementor-size-default\">Our Solution<\/h2>\t\t\t\t<\/div>\n\t\t\t\t<div class=\"elementor-element elementor-element-8e819b8 elementor-widget elementor-widget-text-editor\" data-id=\"8e819b8\" data-element_type=\"widget\" data-widget_type=\"text-editor.default\">\n\t\t\t\t\t\t\t\t\t<p>Operating predominantly in southern Brazil, A.R. is headquartered in Florian\u00f3polis, the capital of Santa Catarina, a region renowned for its high Human Development Index, international connectivity, and rising prominence in the real estate sector. Florian\u00f3polis is increasingly recognized as a hub of innovation, technology, and investment. The company also maintains a strategic office in S\u00e3o Paulo, located on Avenida Brigadeiro Faria Lima, one of Brazil\u2019s most vital commercial and financial centers. <strong>A. R. MARKET INTELLIGENCE<\/strong> oferece assessoria para corpora\u00e7\u00f5es nacionais e internacionais de forma objetiva e assertiva, nas mais variadas atividades da cadeia de petr\u00f3leo, em rela\u00e7\u00f5es comerciais e nos aspectos regulat\u00f3rios envolvendo a Ag\u00eancia Nacional do Petr\u00f3leo, G\u00e1s Natural e Biocombust\u00edveis (ANP), bem como para importa\u00e7\u00e3o e exporta\u00e7\u00e3o de insumos de energia.<\/p><p>Somos associados da C\u00e2mara de Com\u00e9rcio \u00c1rabe-Brasileira e temos estreitas rela\u00e7\u00f5es com as refinarias de petr\u00f3leo dos Emirados \u00c1rabes Unidos e da Ar\u00e1bia Saudita, al\u00e9m de alian\u00e7as estrat\u00e9gicas nos principais centros de trading de commodities mundiais para a comercializa\u00e7\u00e3o de PETR\u00d3LEO BRUTO, DIESEL, QUEROSENE DE AVIA\u00c7\u00c3O (QAV) e G\u00c1S NATURAL. Em sua maioria, esses centros est\u00e3o constitu\u00eddos na grande Rotterdam, cidade holandesa onde se encontra o maior porto da Europa, e em Houston, grande metr\u00f3pole dos Estados Unidos da Am\u00e9rica, refer\u00eancia em refino, transporte, armazenamento, distribui\u00e7\u00e3o, importa\u00e7\u00e3o e exporta\u00e7\u00e3o dessas commodities.<\/p><p>Assessoramos empresas nacionais e estrangeiras de toda a cadeia de petr\u00f3leo e g\u00e1s natural que atuam no pa\u00eds e no exterior ou que tenham interesse em entrar no mercado brasileiro. Oferecemos solu\u00e7\u00f5es inteligentes na intermedia\u00e7\u00e3o e comercializa\u00e7\u00e3o para os mercados asi\u00e1tico e europeu nas \u00e1reas de transporte, armazenamento, distribui\u00e7\u00e3o, importa\u00e7\u00e3o e exporta\u00e7\u00e3o de petr\u00f3leo e g\u00e1s natural.<\/p><p>Apoiamos tamb\u00e9m fundos soberanos e privados de investimentos e family office que estejam atentos a inova\u00e7\u00f5es e dispostos a financiar novos projetos no setor de energia no Brasil, al\u00e9m de grandes companhias e prestadores de servi\u00e7os que operam nos setores de petr\u00f3leo, g\u00e1s natural e energias renov\u00e1veis.<\/p>\t\t\t\t\t\t\t\t<\/div>\n\t\t\t\t<div class=\"elementor-element elementor-element-d9e95bf elementor-widget elementor-widget-image\" data-id=\"d9e95bf\" data-element_type=\"widget\" data-widget_type=\"image.default\">\n\t\t\t\t\t\t\t\t\t\t\t\t\t\t\t<img fetchpriority=\"high\" decoding=\"async\" width=\"580\" height=\"211\" src=\"https:\/\/arinteligencia.com.br\/wp-content\/uploads\/2020\/10\/arab.png\" class=\"attachment-large size-large wp-image-94\" alt=\"\" srcset=\"https:\/\/arinteligencia.com.br\/wp-content\/uploads\/2020\/10\/arab.png 686w, https:\/\/arinteligencia.com.br\/wp-content\/uploads\/2020\/10\/arab-300x109.png 300w\" sizes=\"(max-width: 580px) 100vw, 580px\" \/>\t\t\t\t\t\t\t\t\t\t\t\t\t\t\t<\/div>\n\t\t\t\t\t<\/div>\n\t\t<\/div>\n\t\t\t\t\t<\/div>\n\t\t<\/section>\n\t\t\t\t<section class=\"elementor-section elementor-top-section elementor-element elementor-element-045b100 elementor-section-boxed elementor-section-height-default elementor-section-height-default\" data-id=\"045b100\" data-element_type=\"section\">\n\t\t\t\t\t\t<div class=\"elementor-container elementor-column-gap-default\">\n\t\t\t\t\t<div class=\"elementor-column elementor-col-33 elementor-top-column elementor-element elementor-element-d1b2875\" data-id=\"d1b2875\" data-element_type=\"column\">\n\t\t\t<div class=\"elementor-widget-wrap elementor-element-populated\">\n\t\t\t\t\t\t<div class=\"elementor-element elementor-element-4de09d3 elementor-view-default elementor-widget elementor-widget-icon\" data-id=\"4de09d3\" data-element_type=\"widget\" data-widget_type=\"icon.default\">\n\t\t\t\t\t\t\t<div class=\"elementor-icon-wrapper\">\n\t\t\t<a class=\"elementor-icon\" href=\"https:\/\/arinteligencia.com.br\/wp-content\/uploads\/2020\/10\/model-loi.pdf\">\n\t\t\t<svg aria-hidden=\"true\" class=\"e-font-icon-svg e-fas-file-pdf\" viewbox=\"0 0 384 512\" xmlns=\"http:\/\/www.w3.org\/2000\/svg\"><path d=\"M181.9 256.1c-5-16-4.9-46.9-2-46.9 8.4 0 7.6 36.9 2 46.9zm-1.7 47.2c-7.7 20.2-17.3 43.3-28.4 62.7 18.3-7 39-17.2 62.9-21.9-12.7-9.6-24.9-23.4-34.5-40.8zM86.1 428.1c0 .8 13.2-5.4 34.9-40.2-6.7 6.3-29.1 24.5-34.9 40.2zM248 160h136v328c0 13.3-10.7 24-24 24H24c-13.3 0-24-10.7-24-24V24C0 10.7 10.7 0 24 0h200v136c0 13.2 10.8 24 24 24zm-8 171.8c-20-12.2-33.3-29-42.7-53.8 4.5-18.5 11.6-46.6 6.2-64.2-4.7-29.4-42.4-26.5-47.8-6.8-5 18.3-.4 44.1 8.1 77-11.6 27.6-28.7 64.6-40.8 85.8-.1 0-.1.1-.2.1-27.1 13.9-73.6 44.5-54.5 68 5.6 6.9 16 10 21.5 10 17.9 0 35.7-18 61.1-61.8 25.8-8.5 54.1-19.1 79-23.2 21.7 11.8 47.1 19.5 64 19.5 29.2 0 31.2-32 19.7-43.4-13.9-13.6-54.3-9.7-73.6-7.2zM377 105L279 7c-4.5-4.5-10.6-7-17-7h-6v128h128v-6.1c0-6.3-2.5-12.4-7-16.9zm-74.1 255.3c4.1-2.7-2.5-11.9-42.8-9 37.1 15.8 42.8 9 42.8 9z\"><\/path><\/svg>\t\t\t<\/a>\n\t\t<\/div>\n\t\t\t\t\t\t<\/div>\n\t\t\t\t<div class=\"elementor-element elementor-element-317fbb5 elementor-view-default elementor-position-top elementor-mobile-position-top elementor-widget elementor-widget-icon-box\" data-id=\"317fbb5\" data-element_type=\"widget\" data-widget_type=\"icon-box.default\">\n\t\t\t\t\t\t\t<div class=\"elementor-icon-box-wrapper\">\n\n\t\t\t\t\t\t<div class=\"elementor-icon-box-icon\">\n\t\t\t\t<a href=\"https:\/\/arinteligencia.com.br\/wp-content\/uploads\/2020\/10\/model-loi.pdf\" class=\"elementor-icon\" tabindex=\"-1\" aria-label=\"LOI model\">\n\t\t\t\t<svg aria-hidden=\"true\" class=\"e-font-icon-svg e-fas-download\" viewbox=\"0 0 512 512\" xmlns=\"http:\/\/www.w3.org\/2000\/svg\"><path d=\"M216 0h80c13.3 0 24 10.7 24 24v168h87.7c17.8 0 26.7 21.5 14.1 34.1L269.7 378.3c-7.5 7.5-19.8 7.5-27.3 0L90.1 226.1c-12.6-12.6-3.7-34.1 14.1-34.1H192V24c0-13.3 10.7-24 24-24zm296 376v112c0 13.3-10.7 24-24 24H24c-13.3 0-24-10.7-24-24V376c0-13.3 10.7-24 24-24h146.7l49 49c20.1 20.1 52.5 20.1 72.6 0l49-49H488c13.3 0 24 10.7 24 24zm-124 88c0-11-9-20-20-20s-20 9-20 20 9 20 20 20 20-9 20-20zm64 0c0-11-9-20-20-20s-20 9-20 20 9 20 20 20 20-9 20-20z\"><\/path><\/svg>\t\t\t\t<\/a>\n\t\t\t<\/div>\n\t\t\t\n\t\t\t\t\t\t<div class=\"elementor-icon-box-content\">\n\n\t\t\t\t\t\t\t\t\t<p class=\"elementor-icon-box-title\">\n\t\t\t\t\t\t<a href=\"https:\/\/arinteligencia.com.br\/wp-content\/uploads\/2020\/10\/model-loi.pdf\" >\n\t\t\t\t\t\t\tLOI model\t\t\t\t\t\t<\/a>\n\t\t\t\t\t<\/p>\n\t\t\t\t\n\t\t\t\t\n\t\t\t<\/div>\n\t\t\t\n\t\t<\/div>\n\t\t\t\t\t\t<\/div>\n\t\t\t\t\t<\/div>\n\t\t<\/div>\n\t\t\t\t<div class=\"elementor-column elementor-col-33 elementor-top-column elementor-element elementor-element-391c2a8\" data-id=\"391c2a8\" data-element_type=\"column\">\n\t\t\t<div class=\"elementor-widget-wrap elementor-element-populated\">\n\t\t\t\t\t\t<div class=\"elementor-element elementor-element-58a5f6a elementor-view-default elementor-widget elementor-widget-icon\" data-id=\"58a5f6a\" data-element_type=\"widget\" data-widget_type=\"icon.default\">\n\t\t\t\t\t\t\t<div class=\"elementor-icon-wrapper\">\n\t\t\t<a class=\"elementor-icon\" href=\"https:\/\/arinteligencia.com.br\/wp-content\/uploads\/2020\/10\/loi-editavel.docx\">\n\t\t\t<svg aria-hidden=\"true\" class=\"e-font-icon-svg e-fas-file-word\" viewbox=\"0 0 384 512\" xmlns=\"http:\/\/www.w3.org\/2000\/svg\"><path d=\"M224 136V0H24C10.7 0 0 10.7 0 24v464c0 13.3 10.7 24 24 24h336c13.3 0 24-10.7 24-24V160H248c-13.2 0-24-10.8-24-24zm57.1 120H305c7.7 0 13.4 7.1 11.7 14.7l-38 168c-1.2 5.5-6.1 9.3-11.7 9.3h-38c-5.5 0-10.3-3.8-11.6-9.1-25.8-103.5-20.8-81.2-25.6-110.5h-.5c-1.1 14.3-2.4 17.4-25.6 110.5-1.3 5.3-6.1 9.1-11.6 9.1H117c-5.6 0-10.5-3.9-11.7-9.4l-37.8-168c-1.7-7.5 4-14.6 11.7-14.6h24.5c5.7 0 10.7 4 11.8 9.7 15.6 78 20.1 109.5 21 122.2 1.6-10.2 7.3-32.7 29.4-122.7 1.3-5.4 6.1-9.1 11.7-9.1h29.1c5.6 0 10.4 3.8 11.7 9.2 24 100.4 28.8 124 29.6 129.4-.2-11.2-2.6-17.8 21.6-129.2 1-5.6 5.9-9.5 11.5-9.5zM384 121.9v6.1H256V0h6.1c6.4 0 12.5 2.5 17 7l97.9 98c4.5 4.5 7 10.6 7 16.9z\"><\/path><\/svg>\t\t\t<\/a>\n\t\t<\/div>\n\t\t\t\t\t\t<\/div>\n\t\t\t\t<div class=\"elementor-element elementor-element-87de3bc elementor-view-default elementor-position-top elementor-mobile-position-top elementor-widget elementor-widget-icon-box\" data-id=\"87de3bc\" data-element_type=\"widget\" data-widget_type=\"icon-box.default\">\n\t\t\t\t\t\t\t<div class=\"elementor-icon-box-wrapper\">\n\n\t\t\t\t\t\t<div class=\"elementor-icon-box-icon\">\n\t\t\t\t<a href=\"https:\/\/arinteligencia.com.br\/wp-content\/uploads\/2020\/10\/loi-editavel.docx\" class=\"elementor-icon\" tabindex=\"-1\" aria-label=\"Editable LOI\">\n\t\t\t\t<svg aria-hidden=\"true\" class=\"e-font-icon-svg e-fas-download\" viewbox=\"0 0 512 512\" xmlns=\"http:\/\/www.w3.org\/2000\/svg\"><path d=\"M216 0h80c13.3 0 24 10.7 24 24v168h87.7c17.8 0 26.7 21.5 14.1 34.1L269.7 378.3c-7.5 7.5-19.8 7.5-27.3 0L90.1 226.1c-12.6-12.6-3.7-34.1 14.1-34.1H192V24c0-13.3 10.7-24 24-24zm296 376v112c0 13.3-10.7 24-24 24H24c-13.3 0-24-10.7-24-24V376c0-13.3 10.7-24 24-24h146.7l49 49c20.1 20.1 52.5 20.1 72.6 0l49-49H488c13.3 0 24 10.7 24 24zm-124 88c0-11-9-20-20-20s-20 9-20 20 9 20 20 20 20-9 20-20zm64 0c0-11-9-20-20-20s-20 9-20 20 9 20 20 20 20-9 20-20z\"><\/path><\/svg>\t\t\t\t<\/a>\n\t\t\t<\/div>\n\t\t\t\n\t\t\t\t\t\t<div class=\"elementor-icon-box-content\">\n\n\t\t\t\t\t\t\t\t\t<p class=\"elementor-icon-box-title\">\n\t\t\t\t\t\t<a href=\"https:\/\/arinteligencia.com.br\/wp-content\/uploads\/2020\/10\/loi-editavel.docx\" >\n\t\t\t\t\t\t\tEditable LOI\t\t\t\t\t\t<\/a>\n\t\t\t\t\t<\/p>\n\t\t\t\t\n\t\t\t\t\n\t\t\t<\/div>\n\t\t\t\n\t\t<\/div>\n\t\t\t\t\t\t<\/div>\n\t\t\t\t\t<\/div>\n\t\t<\/div>\n\t\t\t\t<div class=\"elementor-column elementor-col-33 elementor-top-column elementor-element elementor-element-06552db\" data-id=\"06552db\" data-element_type=\"column\">\n\t\t\t<div class=\"elementor-widget-wrap\">\n\t\t\t\t\t\t\t<\/div>\n\t\t<\/div>\n\t\t\t\t\t<\/div>\n\t\t<\/section>\n\t\t\t\t<section class=\"elementor-section elementor-top-section elementor-element elementor-element-2fb380e elementor-section-boxed elementor-section-height-default elementor-section-height-default\" data-id=\"2fb380e\" data-element_type=\"section\">\n\t\t\t\t\t\t<div class=\"elementor-container elementor-column-gap-default\">\n\t\t\t\t\t<div class=\"elementor-column elementor-col-100 elementor-top-column elementor-element elementor-element-774a87d\" data-id=\"774a87d\" data-element_type=\"column\">\n\t\t\t<div class=\"elementor-widget-wrap elementor-element-populated\">\n\t\t\t\t\t\t<div class=\"elementor-element elementor-element-c50e473 elementor-widget elementor-widget-text-editor\" data-id=\"c50e473\" data-element_type=\"widget\" data-widget_type=\"text-editor.default\">\n\t\t\t\t\t\t\t\t\t<p class=\" translation-block\">Para importa\u00e7\u00e3o de petr\u00f3leo e g\u00e1s natural, <a href=\"https:\/\/arinteligencia.com.br\/fale-com-a-gente\/\" target=\"_self\"><span style=\"color: #003366;\"><b><u>clique aqui e fale com um de nossos especialistas<\/u><\/b><\/span><\/a>.<\/p>\t\t\t\t\t\t\t\t<\/div>\n\t\t\t\t\t<\/div>\n\t\t<\/div>\n\t\t\t\t\t<\/div>\n\t\t<\/section>\n\t\t\t\t<\/div>","protected":false},"excerpt":{"rendered":"<p>\u00c1reas de Atua\u00e7\u00e3o &gt; Importa\u00e7\u00e3o &amp; Exporta\u00e7\u00e3o Solu\u00e7\u00f5es inteligentes e seguras em trading para comercializa\u00e7\u00e3o de Petr\u00f3leo e G\u00e1s Natural Nossa Solu\u00e7\u00e3o A A. R. INTELIG\u00caNCIA DE MERCADO oferece assessoria para corpora\u00e7\u00f5es nacionais e internacionais de forma objetiva e assertiva, nas mais variadas atividades da cadeia de petr\u00f3leo, em rela\u00e7\u00f5es comerciais e nos aspectos regulat\u00f3rios [&hellip;]<\/p>","protected":false},"author":1,"featured_media":630,"parent":153,"menu_order":0,"comment_status":"closed","ping_status":"closed","template":"elementor_header_footer","meta":{"footnotes":""},"class_list":["post-308","page","type-page","status-publish","has-post-thumbnail","hentry"],"yoast_head":"<!-- This site is optimized with the Yoast SEO plugin v25.7 - https:\/\/yoast.com\/wordpress\/plugins\/seo\/ -->\n<title>Petr\u00f3leo &amp; G\u00e1s Natural - A. R Intelig\u00eancia de Mercado<\/title>\n<meta name=\"robots\" content=\"index, follow, max-snippet:-1, max-image-preview:large, max-video-preview:-1\" \/>\n<link rel=\"canonical\" href=\"https:\/\/arinteligencia.com.br\/en\/areas-de-atuacao\/petroleo-natural\/\" \/>\n<meta property=\"og:locale\" content=\"en_GB\" \/>\n<meta property=\"og:type\" content=\"article\" \/>\n<meta property=\"og:title\" content=\"Petr\u00f3leo &amp; G\u00e1s Natural - A. R Intelig\u00eancia de Mercado\" \/>\n<meta property=\"og:description\" content=\"\u00c1reas de Atua\u00e7\u00e3o &gt; Importa\u00e7\u00e3o &amp; Exporta\u00e7\u00e3o Solu\u00e7\u00f5es inteligentes e seguras em trading para comercializa\u00e7\u00e3o de Petr\u00f3leo e G\u00e1s Natural Nossa Solu\u00e7\u00e3o A A. R. INTELIG\u00caNCIA DE MERCADO oferece assessoria para corpora\u00e7\u00f5es nacionais e internacionais de forma objetiva e assertiva, nas mais variadas atividades da cadeia de petr\u00f3leo, em rela\u00e7\u00f5es comerciais e nos aspectos regulat\u00f3rios [&hellip;]\" \/>\n<meta property=\"og:url\" content=\"https:\/\/arinteligencia.com.br\/en\/areas-de-atuacao\/petroleo-natural\/\" \/>\n<meta property=\"og:site_name\" content=\"A. R Intelig\u00eancia de Mercado\" \/>\n<meta property=\"article:modified_time\" content=\"2021-01-05T17:50:50+00:00\" \/>\n<meta property=\"og:image\" content=\"https:\/\/arinteligencia.com.br\/wp-content\/uploads\/2020\/11\/ricksnippet.png\" \/>\n\t<meta property=\"og:image:width\" content=\"1920\" \/>\n\t<meta property=\"og:image:height\" content=\"1080\" \/>\n\t<meta property=\"og:image:type\" content=\"image\/png\" \/>\n<meta name=\"twitter:card\" content=\"summary_large_image\" \/>\n<meta name=\"twitter:label1\" content=\"Estimated reading time\" \/>\n\t<meta name=\"twitter:data1\" content=\"2 minutes\" \/>\n<script type=\"application\/ld+json\" class=\"yoast-schema-graph\">{\"@context\":\"https:\/\/schema.org\",\"@graph\":[{\"@type\":\"WebPage\",\"@id\":\"https:\/\/arinteligencia.com.br\/areas-de-atuacao\/petroleo-natural\/\",\"url\":\"https:\/\/arinteligencia.com.br\/areas-de-atuacao\/petroleo-natural\/\",\"name\":\"Petr\u00f3leo & G\u00e1s Natural - A. R Intelig\u00eancia de Mercado\",\"isPartOf\":{\"@id\":\"https:\/\/arinteligencia.com.br\/#website\"},\"primaryImageOfPage\":{\"@id\":\"https:\/\/arinteligencia.com.br\/areas-de-atuacao\/petroleo-natural\/#primaryimage\"},\"image\":{\"@id\":\"https:\/\/arinteligencia.com.br\/areas-de-atuacao\/petroleo-natural\/#primaryimage\"},\"thumbnailUrl\":\"https:\/\/arinteligencia.com.br\/wp-content\/uploads\/2020\/11\/ricksnippet.png\",\"datePublished\":\"2020-10-29T16:40:52+00:00\",\"dateModified\":\"2021-01-05T17:50:50+00:00\",\"breadcrumb\":{\"@id\":\"https:\/\/arinteligencia.com.br\/areas-de-atuacao\/petroleo-natural\/#breadcrumb\"},\"inLanguage\":\"en-GB\",\"potentialAction\":[{\"@type\":\"ReadAction\",\"target\":[\"https:\/\/arinteligencia.com.br\/areas-de-atuacao\/petroleo-natural\/\"]}]},{\"@type\":\"ImageObject\",\"inLanguage\":\"en-GB\",\"@id\":\"https:\/\/arinteligencia.com.br\/areas-de-atuacao\/petroleo-natural\/#primaryimage\",\"url\":\"https:\/\/arinteligencia.com.br\/wp-content\/uploads\/2020\/11\/ricksnippet.png\",\"contentUrl\":\"https:\/\/arinteligencia.com.br\/wp-content\/uploads\/2020\/11\/ricksnippet.png\",\"width\":1920,\"height\":1080},{\"@type\":\"BreadcrumbList\",\"@id\":\"https:\/\/arinteligencia.com.br\/areas-de-atuacao\/petroleo-natural\/#breadcrumb\",\"itemListElement\":[{\"@type\":\"ListItem\",\"position\":1,\"name\":\"In\u00edcio\",\"item\":\"https:\/\/arinteligencia.com.br\/\"},{\"@type\":\"ListItem\",\"position\":2,\"name\":\"\u00c1reas de Atua\u00e7\u00e3o\",\"item\":\"https:\/\/arinteligencia.com.br\/areas-de-atuacao\/\"},{\"@type\":\"ListItem\",\"position\":3,\"name\":\"Petr\u00f3leo &#038; G\u00e1s Natural\"}]},{\"@type\":\"WebSite\",\"@id\":\"https:\/\/arinteligencia.com.br\/#website\",\"url\":\"https:\/\/arinteligencia.com.br\/\",\"name\":\"A. R Intelig\u00eancia de Mercado\",\"description\":\"Intelig\u00eancia Competitiva\",\"publisher\":{\"@id\":\"https:\/\/arinteligencia.com.br\/#organization\"},\"potentialAction\":[{\"@type\":\"SearchAction\",\"target\":{\"@type\":\"EntryPoint\",\"urlTemplate\":\"https:\/\/arinteligencia.com.br\/?s={search_term_string}\"},\"query-input\":{\"@type\":\"PropertyValueSpecification\",\"valueRequired\":true,\"valueName\":\"search_term_string\"}}],\"inLanguage\":\"en-GB\"},{\"@type\":\"Organization\",\"@id\":\"https:\/\/arinteligencia.com.br\/#organization\",\"name\":\"A. R Intelig\u00eancia de Mercado\",\"url\":\"https:\/\/arinteligencia.com.br\/\",\"logo\":{\"@type\":\"ImageObject\",\"inLanguage\":\"en-GB\",\"@id\":\"https:\/\/arinteligencia.com.br\/#\/schema\/logo\/image\/\",\"url\":\"https:\/\/arinteligencia.com.br\/wp-content\/uploads\/2020\/11\/LOGO-BRANCO-SITE.png\",\"contentUrl\":\"https:\/\/arinteligencia.com.br\/wp-content\/uploads\/2020\/11\/LOGO-BRANCO-SITE.png\",\"width\":289,\"height\":100,\"caption\":\"A. R Intelig\u00eancia de Mercado\"},\"image\":{\"@id\":\"https:\/\/arinteligencia.com.br\/#\/schema\/logo\/image\/\"}}]}<\/script>\n<!-- \/ Yoast SEO plugin. -->","yoast_head_json":{"title":"Petr\u00f3leo & G\u00e1s Natural - A. R Intelig\u00eancia de Mercado","robots":{"index":"index","follow":"follow","max-snippet":"max-snippet:-1","max-image-preview":"max-image-preview:large","max-video-preview":"max-video-preview:-1"},"canonical":"https:\/\/arinteligencia.com.br\/en\/areas-de-atuacao\/petroleo-natural\/","og_locale":"en_GB","og_type":"article","og_title":"Petr\u00f3leo & G\u00e1s Natural - A. R Intelig\u00eancia de Mercado","og_description":"\u00c1reas de Atua\u00e7\u00e3o &gt; Importa\u00e7\u00e3o &amp; Exporta\u00e7\u00e3o Solu\u00e7\u00f5es inteligentes e seguras em trading para comercializa\u00e7\u00e3o de Petr\u00f3leo e G\u00e1s Natural Nossa Solu\u00e7\u00e3o A A. R. INTELIG\u00caNCIA DE MERCADO oferece assessoria para corpora\u00e7\u00f5es nacionais e internacionais de forma objetiva e assertiva, nas mais variadas atividades da cadeia de petr\u00f3leo, em rela\u00e7\u00f5es comerciais e nos aspectos regulat\u00f3rios [&hellip;]","og_url":"https:\/\/arinteligencia.com.br\/en\/areas-de-atuacao\/petroleo-natural\/","og_site_name":"A. R Intelig\u00eancia de Mercado","article_modified_time":"2021-01-05T17:50:50+00:00","og_image":[{"width":1920,"height":1080,"url":"https:\/\/arinteligencia.com.br\/wp-content\/uploads\/2020\/11\/ricksnippet.png","type":"image\/png"}],"twitter_card":"summary_large_image","twitter_misc":{"Estimated reading time":"2 minutes"},"schema":{"@context":"https:\/\/schema.org","@graph":[{"@type":"WebPage","@id":"https:\/\/arinteligencia.com.br\/areas-de-atuacao\/petroleo-natural\/","url":"https:\/\/arinteligencia.com.br\/areas-de-atuacao\/petroleo-natural\/","name":"Petr\u00f3leo & G\u00e1s Natural - A. R Intelig\u00eancia de Mercado","isPartOf":{"@id":"https:\/\/arinteligencia.com.br\/#website"},"primaryImageOfPage":{"@id":"https:\/\/arinteligencia.com.br\/areas-de-atuacao\/petroleo-natural\/#primaryimage"},"image":{"@id":"https:\/\/arinteligencia.com.br\/areas-de-atuacao\/petroleo-natural\/#primaryimage"},"thumbnailUrl":"https:\/\/arinteligencia.com.br\/wp-content\/uploads\/2020\/11\/ricksnippet.png","datePublished":"2020-10-29T16:40:52+00:00","dateModified":"2021-01-05T17:50:50+00:00","breadcrumb":{"@id":"https:\/\/arinteligencia.com.br\/areas-de-atuacao\/petroleo-natural\/#breadcrumb"},"inLanguage":"en-GB","potentialAction":[{"@type":"ReadAction","target":["https:\/\/arinteligencia.com.br\/areas-de-atuacao\/petroleo-natural\/"]}]},{"@type":"ImageObject","inLanguage":"en-GB","@id":"https:\/\/arinteligencia.com.br\/areas-de-atuacao\/petroleo-natural\/#primaryimage","url":"https:\/\/arinteligencia.com.br\/wp-content\/uploads\/2020\/11\/ricksnippet.png","contentUrl":"https:\/\/arinteligencia.com.br\/wp-content\/uploads\/2020\/11\/ricksnippet.png","width":1920,"height":1080},{"@type":"BreadcrumbList","@id":"https:\/\/arinteligencia.com.br\/areas-de-atuacao\/petroleo-natural\/#breadcrumb","itemListElement":[{"@type":"ListItem","position":1,"name":"In\u00edcio","item":"https:\/\/arinteligencia.com.br\/"},{"@type":"ListItem","position":2,"name":"\u00c1reas de Atua\u00e7\u00e3o","item":"https:\/\/arinteligencia.com.br\/areas-de-atuacao\/"},{"@type":"ListItem","position":3,"name":"Petr\u00f3leo &#038; G\u00e1s Natural"}]},{"@type":"WebSite","@id":"https:\/\/arinteligencia.com.br\/#website","url":"https:\/\/arinteligencia.com.br\/","name":"A.R Intelig\u00eancia de Mercado","description":"Intelig\u00eancia Competitiva","publisher":{"@id":"https:\/\/arinteligencia.com.br\/#organization"},"potentialAction":[{"@type":"SearchAction","target":{"@type":"EntryPoint","urlTemplate":"https:\/\/arinteligencia.com.br\/?s={search_term_string}"},"query-input":{"@type":"PropertyValueSpecification","valueRequired":true,"valueName":"search_term_string"}}],"inLanguage":"en-GB"},{"@type":"Organization","@id":"https:\/\/arinteligencia.com.br\/#organization","name":"A.R Intelig\u00eancia de Mercado","url":"https:\/\/arinteligencia.com.br\/","logo":{"@type":"ImageObject","inLanguage":"en-GB","@id":"https:\/\/arinteligencia.com.br\/#\/schema\/logo\/image\/","url":"https:\/\/arinteligencia.com.br\/wp-content\/uploads\/2020\/11\/LOGO-BRANCO-SITE.png","contentUrl":"https:\/\/arinteligencia.com.br\/wp-content\/uploads\/2020\/11\/LOGO-BRANCO-SITE.png","width":289,"height":100,"caption":"A. R Intelig\u00eancia de Mercado"},"image":{"@id":"https:\/\/arinteligencia.com.br\/#\/schema\/logo\/image\/"}}]}},"_links":{"self":[{"href":"https:\/\/arinteligencia.com.br\/en\/wp-json\/wp\/v2\/pages\/308","targetHints":{"allow":["GET"]}}],"collection":[{"href":"https:\/\/arinteligencia.com.br\/en\/wp-json\/wp\/v2\/pages"}],"about":[{"href":"https:\/\/arinteligencia.com.br\/en\/wp-json\/wp\/v2\/types\/page"}],"author":[{"embeddable":true,"href":"https:\/\/arinteligencia.com.br\/en\/wp-json\/wp\/v2\/users\/1"}],"replies":[{"embeddable":true,"href":"https:\/\/arinteligencia.com.br\/en\/wp-json\/wp\/v2\/comments?post=308"}],"version-history":[{"count":0,"href":"https:\/\/arinteligencia.com.br\/en\/wp-json\/wp\/v2\/pages\/308\/revisions"}],"up":[{"embeddable":true,"href":"https:\/\/arinteligencia.com.br\/en\/wp-json\/wp\/v2\/pages\/153"}],"wp:featuredmedia":[{"embeddable":true,"href":"https:\/\/arinteligencia.com.br\/en\/wp-json\/wp\/v2\/media\/630"}],"wp:attachment":[{"href":"https:\/\/arinteligencia.com.br\/en\/wp-json\/wp\/v2\/media?parent=308"}],"curies":[{"name":"wp","href":"https:\/\/api.w.org\/{rel}","templated":true}]}}