{"id":319,"date":"2020-10-29T13:58:04","date_gmt":"2020-10-29T16:58:04","guid":{"rendered":"https:\/\/arinteligencia.com.br\/?page_id=319"},"modified":"2021-01-05T14:50:40","modified_gmt":"2021-01-05T17:50:40","slug":"nacionalizacao-arabe-brasil","status":"publish","type":"page","link":"https:\/\/arinteligencia.com.br\/en\/areas-de-atuacao\/nacionalizacao-arabe-brasil\/","title":{"rendered":"Nacionaliza\u00e7\u00e3o de Empresas \u00c1rabes no Brasil"},"content":{"rendered":"<div data-elementor-type=\"wp-page\" data-elementor-id=\"319\" class=\"elementor elementor-319\" data-elementor-post-type=\"page\">\n\t\t\t\t\t\t<section class=\"elementor-section elementor-top-section elementor-element elementor-element-482ac8d elementor-section-height-min-height elementor-section-boxed elementor-section-height-default elementor-section-items-middle\" data-id=\"482ac8d\" data-element_type=\"section\" data-settings=\"{&quot;background_background&quot;:&quot;classic&quot;}\">\n\t\t\t\t\t\t\t<div class=\"elementor-background-overlay\"><\/div>\n\t\t\t\t\t\t\t<div class=\"elementor-container elementor-column-gap-default\">\n\t\t\t\t\t<div class=\"elementor-column elementor-col-100 elementor-top-column elementor-element elementor-element-6cb11ba\" data-id=\"6cb11ba\" data-element_type=\"column\">\n\t\t\t<div class=\"elementor-widget-wrap elementor-element-populated\">\n\t\t\t\t\t\t<div class=\"elementor-element elementor-element-641abeb elementor-absolute elementor-widget elementor-widget-text-editor\" data-id=\"641abeb\" data-element_type=\"widget\" data-settings=\"{&quot;_position&quot;:&quot;absolute&quot;}\" data-widget_type=\"text-editor.default\">\n\t\t\t\t\t\t\t\t\t<span style=\"color: #ffffff;\"><span style=\"text-decoration: underline;\"><strong><a style=\"color: #ffffff; text-decoration: underline;\" href=\"https:\/\/arinteligencia.com.br\/areas-de-atuacao\/\">Areas of Expertise &gt;<\/a><\/strong><\/span>\t\t\t\t\t\t\t\t<\/div>\n\t\t\t\t<div class=\"elementor-element elementor-element-04f71a4 elementor-widget elementor-widget-heading\" data-id=\"04f71a4\" data-element_type=\"widget\" data-widget_type=\"heading.default\">\n\t\t\t\t\t<h2 class=\"elementor-heading-title elementor-size-default\">Nacionaliza\u00e7\u00e3o de Empresas \u00c1rabes no Brasil<\/h2>\t\t\t\t<\/div>\n\t\t\t\t<div class=\"elementor-element elementor-element-ec3bc61 elementor-widget elementor-widget-text-editor\" data-id=\"ec3bc61\" data-element_type=\"widget\" data-widget_type=\"text-editor.default\">\n\t\t\t\t\t\t\t\t\t<p>Conectamos sua corpora\u00e7\u00e3o ao Mercado Global<\/p>\t\t\t\t\t\t\t\t<\/div>\n\t\t\t\t\t<\/div>\n\t\t<\/div>\n\t\t\t\t\t<\/div>\n\t\t<\/section>\n\t\t\t\t<section class=\"elementor-section elementor-top-section elementor-element elementor-element-3a86972 elementor-section-boxed elementor-section-height-default elementor-section-height-default\" data-id=\"3a86972\" data-element_type=\"section\">\n\t\t\t\t\t\t<div class=\"elementor-container elementor-column-gap-default\">\n\t\t\t\t\t<div class=\"elementor-column elementor-col-100 elementor-top-column elementor-element elementor-element-72f6c7a\" data-id=\"72f6c7a\" data-element_type=\"column\">\n\t\t\t<div class=\"elementor-widget-wrap elementor-element-populated\">\n\t\t\t\t\t\t<div class=\"elementor-element elementor-element-080b1de elementor-widget elementor-widget-heading\" data-id=\"080b1de\" data-element_type=\"widget\" data-widget_type=\"heading.default\">\n\t\t\t\t\t<h2 class=\"elementor-heading-title elementor-size-default\">Nossa Solu\u00e7\u00e3o Altamente Inovadora<\/h2>\t\t\t\t<\/div>\n\t\t\t\t<div class=\"elementor-element elementor-element-8e819b8 elementor-widget elementor-widget-text-editor\" data-id=\"8e819b8\" data-element_type=\"widget\" data-widget_type=\"text-editor.default\">\n\t\t\t\t\t\t\t\t\t<p>Operating predominantly in southern Brazil, A.R. is headquartered in Florian\u00f3polis, the capital of Santa Catarina, a region renowned for its high Human Development Index, international connectivity, and rising prominence in the real estate sector. Florian\u00f3polis is increasingly recognized as a hub of innovation, technology, and investment. The company also maintains a strategic office in S\u00e3o Paulo, located on Avenida Brigadeiro Faria Lima, one of Brazil\u2019s most vital commercial and financial centers. <b>A. R. MARKET INTELLIGENCE<\/b> assessora, com efici\u00eancia, assertividade e suporte adequado, corpora\u00e7\u00f5es da liga \u00c1rabe \u2013 representadas por pessoas f\u00edsicas ou jur\u00eddicas \u2013, que queiram constituir empresa no Brasil ou participar de alguma sociedade brasileira j\u00e1 existente. Nosso servi\u00e7o contempla todo apoio necess\u00e1rio para a estrutura\u00e7\u00e3o de opera\u00e7\u00f5es financeiras e desenvolvimento de novos neg\u00f3cios nos mercados verticais de energia (petr\u00f3leo e g\u00e1s natural), imobili\u00e1rio e de sa\u00fade, alinhados com os objetivos e metas de cada cliente.<\/p>\n<p>Trabalhamos com uma equipe multidisciplinar de especialistas com vasta experi\u00eancia na nacionaliza\u00e7\u00e3o de empresas estrangeiras no Brasil e nos processos de participa\u00e7\u00e3o de capital estrangeiro em empresas brasileiras. Realizamos e\/ou intermediamos todos os servi\u00e7os necess\u00e1rios para que corpora\u00e7\u00f5es do Oriente M\u00e9dio, interessadas em investir no mercado brasileiro ou em processo de nacionaliza\u00e7\u00e3o, estejam aptas a operar no pa\u00eds.<\/p>\n<p>Para o sucesso dos nossos clientes estrangeiros, oferecemos toda a assessoria em aspectos estrat\u00e9gicos, t\u00e1ticos e operacionais, al\u00e9m de servi\u00e7os complementares, como tr\u00e2mites burocr\u00e1ticos, movimenta\u00e7\u00e3o de recursos, autoriza\u00e7\u00f5es e legaliza\u00e7\u00f5es de corpora\u00e7\u00f5es \u00e1rabes.<\/p>\n<p>Ressalta-se que opera\u00e7\u00f5es dessa natureza exigem registros no Banco Central do Brasil e dom\u00ednio da legisla\u00e7\u00e3o cambial a fim de evitar atrasos, multas e outras penalidades.<\/p>\n<p><\/p>\n<p><b>Exemplos de autoriza\u00e7\u00f5es e legaliza\u00e7\u00f5es:<\/b><\/p>\n<p><\/p>\n<ul>\n<li>Transa\u00e7\u00f5es em moeda estrangeira a t\u00edtulo de empr\u00e9stimo;<\/li>\n<li>Financiamento;<\/li>\n<li>Investimento direto;<\/li>\n<li>Aporte de capital;<\/li>\n<li>Abertura de conta banc\u00e1ria;<\/li>\n<li>Sa\u00edda de dividendos.<\/li>\n<\/ul>\n<p><\/p>\n<p><b>Nossos servi\u00e7os de assessoria incluem:<\/b><\/p>\n<ul>\n<li>Elabora\u00e7\u00e3o e Revis\u00e3o de contratos<\/li>\n<li>Planejamento de Transa\u00e7\u00f5es Financeiras<\/li>\n<li>Constitui\u00e7\u00e3o de empresas<\/li>\n<li>Fus\u00f5es e aquisi\u00e7\u00f5es<\/li>\n<li>Estrat\u00e9gias de Investimento Estrangeiro<\/li>\n<li>Due Diligence<\/li>\n<li>Negocia\u00e7\u00e3o Empresarial<\/li>\n<li>Assessoria Corporativa<\/li>\n<li>Transa\u00e7\u00f5es imobili\u00e1rias<\/li>\n<li>Resolu\u00e7\u00e3o de problemas<\/li>\n<li>Coordena\u00e7\u00e3o jur\u00eddica local<\/li>\n<\/ul>\n<p><span style=\"font-size: inherit; text-align: inherit; color: var( --e-global-color-text ); font-family: var( --e-global-typography-text-font-family ), Sans-serif; font-weight: var( --e-global-typography-text-font-weight ); background-color: var( --e-global-color-a1dfaad ); letter-spacing: -0.015em;\">Para saber mais sobre como implementar uma unidade operacional de sua empresa no Brasil, <\/span><span style=\"font-size: inherit; text-align: inherit; color: var( --e-global-color-text ); font-family: var( --e-global-typography-text-font-family ), Sans-serif; font-weight: var( --e-global-typography-text-font-weight ); background-color: var( --e-global-color-a1dfaad ); letter-spacing: -0.015em; text-decoration-line: underline;\"><strong><span style=\"color: #003366;\"><a style=\"color: #003366;\" href=\"https:\/\/arinteligencia.com.br\/contato\/\">clique aqui e fale com um dos especialistas da nossa equipe multidisciplinar<\/a><\/span><\/strong><\/span><span style=\"font-size: inherit; text-align: inherit; color: var( --e-global-color-text ); font-family: var( --e-global-typography-text-font-family ), Sans-serif; font-weight: var( --e-global-typography-text-font-weight ); background-color: var( --e-global-color-a1dfaad ); letter-spacing: -0.015em;\">.<\/span><\/p>\t\t\t\t\t\t\t\t<\/div>\n\t\t\t\t<div class=\"elementor-element elementor-element-d9e95bf elementor-widget elementor-widget-image\" data-id=\"d9e95bf\" data-element_type=\"widget\" data-widget_type=\"image.default\">\n\t\t\t\t\t\t\t\t\t\t\t\t\t\t\t<img fetchpriority=\"high\" decoding=\"async\" width=\"580\" height=\"211\" src=\"https:\/\/arinteligencia.com.br\/wp-content\/uploads\/2020\/10\/arab.png\" class=\"attachment-large size-large wp-image-94\" alt=\"\" srcset=\"https:\/\/arinteligencia.com.br\/wp-content\/uploads\/2020\/10\/arab.png 686w, https:\/\/arinteligencia.com.br\/wp-content\/uploads\/2020\/10\/arab-300x109.png 300w\" sizes=\"(max-width: 580px) 100vw, 580px\" \/>\t\t\t\t\t\t\t\t\t\t\t\t\t\t\t<\/div>\n\t\t\t\t\t<\/div>\n\t\t<\/div>\n\t\t\t\t\t<\/div>\n\t\t<\/section>\n\t\t\t\t<\/div>","protected":false},"excerpt":{"rendered":"<p>\u00c1reas de Atua\u00e7\u00e3o Nacionaliza\u00e7\u00e3o de Empresas \u00c1rabes no Brasil Conectamos sua corpora\u00e7\u00e3o ao Mercado Global Nossa Solu\u00e7\u00e3o Altamente Inovadora A A. R. INTELIG\u00caNCIA DE MERCADO assessora, com efici\u00eancia, assertividade e suporte adequado, corpora\u00e7\u00f5es da liga \u00c1rabe \u2013 representadas por pessoas f\u00edsicas ou jur\u00eddicas \u2013, que queiram constituir empresa no Brasil ou participar de alguma sociedade [&hellip;]<\/p>","protected":false},"author":1,"featured_media":630,"parent":153,"menu_order":0,"comment_status":"closed","ping_status":"closed","template":"elementor_header_footer","meta":{"footnotes":""},"class_list":["post-319","page","type-page","status-publish","has-post-thumbnail","hentry"],"yoast_head":"<!-- This site is optimized with the Yoast SEO plugin v25.7 - https:\/\/yoast.com\/wordpress\/plugins\/seo\/ -->\n<title>Nacionaliza\u00e7\u00e3o de Empresas \u00c1rabes no Brasil - A. R Intelig\u00eancia de Mercado<\/title>\n<meta name=\"robots\" content=\"index, follow, max-snippet:-1, max-image-preview:large, max-video-preview:-1\" \/>\n<link rel=\"canonical\" href=\"https:\/\/arinteligencia.com.br\/en\/areas-de-atuacao\/nacionalizacao-arabe-brasil\/\" \/>\n<meta property=\"og:locale\" content=\"en_GB\" \/>\n<meta property=\"og:type\" content=\"article\" \/>\n<meta property=\"og:title\" content=\"Nacionaliza\u00e7\u00e3o de Empresas \u00c1rabes no Brasil - A. R Intelig\u00eancia de Mercado\" \/>\n<meta property=\"og:description\" content=\"\u00c1reas de Atua\u00e7\u00e3o Nacionaliza\u00e7\u00e3o de Empresas \u00c1rabes no Brasil Conectamos sua corpora\u00e7\u00e3o ao Mercado Global Nossa Solu\u00e7\u00e3o Altamente Inovadora A A. R. INTELIG\u00caNCIA DE MERCADO assessora, com efici\u00eancia, assertividade e suporte adequado, corpora\u00e7\u00f5es da liga \u00c1rabe \u2013 representadas por pessoas f\u00edsicas ou jur\u00eddicas \u2013, que queiram constituir empresa no Brasil ou participar de alguma sociedade [&hellip;]\" \/>\n<meta property=\"og:url\" content=\"https:\/\/arinteligencia.com.br\/en\/areas-de-atuacao\/nacionalizacao-arabe-brasil\/\" \/>\n<meta property=\"og:site_name\" content=\"A. R Intelig\u00eancia de Mercado\" \/>\n<meta property=\"article:modified_time\" content=\"2021-01-05T17:50:40+00:00\" \/>\n<meta property=\"og:image\" content=\"https:\/\/arinteligencia.com.br\/wp-content\/uploads\/2020\/11\/ricksnippet.png\" \/>\n\t<meta property=\"og:image:width\" content=\"1920\" \/>\n\t<meta property=\"og:image:height\" content=\"1080\" \/>\n\t<meta property=\"og:image:type\" content=\"image\/png\" \/>\n<meta name=\"twitter:card\" content=\"summary_large_image\" \/>\n<meta name=\"twitter:label1\" content=\"Estimated reading time\" \/>\n\t<meta name=\"twitter:data1\" content=\"2 minutes\" \/>\n<script type=\"application\/ld+json\" class=\"yoast-schema-graph\">{\"@context\":\"https:\/\/schema.org\",\"@graph\":[{\"@type\":\"WebPage\",\"@id\":\"https:\/\/arinteligencia.com.br\/areas-de-atuacao\/nacionalizacao-arabe-brasil\/\",\"url\":\"https:\/\/arinteligencia.com.br\/areas-de-atuacao\/nacionalizacao-arabe-brasil\/\",\"name\":\"Nacionaliza\u00e7\u00e3o de Empresas \u00c1rabes no Brasil - A. R Intelig\u00eancia de Mercado\",\"isPartOf\":{\"@id\":\"https:\/\/arinteligencia.com.br\/#website\"},\"primaryImageOfPage\":{\"@id\":\"https:\/\/arinteligencia.com.br\/areas-de-atuacao\/nacionalizacao-arabe-brasil\/#primaryimage\"},\"image\":{\"@id\":\"https:\/\/arinteligencia.com.br\/areas-de-atuacao\/nacionalizacao-arabe-brasil\/#primaryimage\"},\"thumbnailUrl\":\"https:\/\/arinteligencia.com.br\/wp-content\/uploads\/2020\/11\/ricksnippet.png\",\"datePublished\":\"2020-10-29T16:58:04+00:00\",\"dateModified\":\"2021-01-05T17:50:40+00:00\",\"breadcrumb\":{\"@id\":\"https:\/\/arinteligencia.com.br\/areas-de-atuacao\/nacionalizacao-arabe-brasil\/#breadcrumb\"},\"inLanguage\":\"en-GB\",\"potentialAction\":[{\"@type\":\"ReadAction\",\"target\":[\"https:\/\/arinteligencia.com.br\/areas-de-atuacao\/nacionalizacao-arabe-brasil\/\"]}]},{\"@type\":\"ImageObject\",\"inLanguage\":\"en-GB\",\"@id\":\"https:\/\/arinteligencia.com.br\/areas-de-atuacao\/nacionalizacao-arabe-brasil\/#primaryimage\",\"url\":\"https:\/\/arinteligencia.com.br\/wp-content\/uploads\/2020\/11\/ricksnippet.png\",\"contentUrl\":\"https:\/\/arinteligencia.com.br\/wp-content\/uploads\/2020\/11\/ricksnippet.png\",\"width\":1920,\"height\":1080},{\"@type\":\"BreadcrumbList\",\"@id\":\"https:\/\/arinteligencia.com.br\/areas-de-atuacao\/nacionalizacao-arabe-brasil\/#breadcrumb\",\"itemListElement\":[{\"@type\":\"ListItem\",\"position\":1,\"name\":\"In\u00edcio\",\"item\":\"https:\/\/arinteligencia.com.br\/\"},{\"@type\":\"ListItem\",\"position\":2,\"name\":\"\u00c1reas de Atua\u00e7\u00e3o\",\"item\":\"https:\/\/arinteligencia.com.br\/areas-de-atuacao\/\"},{\"@type\":\"ListItem\",\"position\":3,\"name\":\"Nacionaliza\u00e7\u00e3o de Empresas \u00c1rabes no Brasil\"}]},{\"@type\":\"WebSite\",\"@id\":\"https:\/\/arinteligencia.com.br\/#website\",\"url\":\"https:\/\/arinteligencia.com.br\/\",\"name\":\"A. R Intelig\u00eancia de Mercado\",\"description\":\"Intelig\u00eancia Competitiva\",\"publisher\":{\"@id\":\"https:\/\/arinteligencia.com.br\/#organization\"},\"potentialAction\":[{\"@type\":\"SearchAction\",\"target\":{\"@type\":\"EntryPoint\",\"urlTemplate\":\"https:\/\/arinteligencia.com.br\/?s={search_term_string}\"},\"query-input\":{\"@type\":\"PropertyValueSpecification\",\"valueRequired\":true,\"valueName\":\"search_term_string\"}}],\"inLanguage\":\"en-GB\"},{\"@type\":\"Organization\",\"@id\":\"https:\/\/arinteligencia.com.br\/#organization\",\"name\":\"A. R Intelig\u00eancia de Mercado\",\"url\":\"https:\/\/arinteligencia.com.br\/\",\"logo\":{\"@type\":\"ImageObject\",\"inLanguage\":\"en-GB\",\"@id\":\"https:\/\/arinteligencia.com.br\/#\/schema\/logo\/image\/\",\"url\":\"https:\/\/arinteligencia.com.br\/wp-content\/uploads\/2020\/11\/LOGO-BRANCO-SITE.png\",\"contentUrl\":\"https:\/\/arinteligencia.com.br\/wp-content\/uploads\/2020\/11\/LOGO-BRANCO-SITE.png\",\"width\":289,\"height\":100,\"caption\":\"A. R Intelig\u00eancia de Mercado\"},\"image\":{\"@id\":\"https:\/\/arinteligencia.com.br\/#\/schema\/logo\/image\/\"}}]}<\/script>\n<!-- \/ Yoast SEO plugin. -->","yoast_head_json":{"title":"Nacionaliza\u00e7\u00e3o de Empresas \u00c1rabes no Brasil - A. R Intelig\u00eancia de Mercado","robots":{"index":"index","follow":"follow","max-snippet":"max-snippet:-1","max-image-preview":"max-image-preview:large","max-video-preview":"max-video-preview:-1"},"canonical":"https:\/\/arinteligencia.com.br\/en\/areas-de-atuacao\/nacionalizacao-arabe-brasil\/","og_locale":"en_GB","og_type":"article","og_title":"Nacionaliza\u00e7\u00e3o de Empresas \u00c1rabes no Brasil - A. R Intelig\u00eancia de Mercado","og_description":"\u00c1reas de Atua\u00e7\u00e3o Nacionaliza\u00e7\u00e3o de Empresas \u00c1rabes no Brasil Conectamos sua corpora\u00e7\u00e3o ao Mercado Global Nossa Solu\u00e7\u00e3o Altamente Inovadora A A. R. INTELIG\u00caNCIA DE MERCADO assessora, com efici\u00eancia, assertividade e suporte adequado, corpora\u00e7\u00f5es da liga \u00c1rabe \u2013 representadas por pessoas f\u00edsicas ou jur\u00eddicas \u2013, que queiram constituir empresa no Brasil ou participar de alguma sociedade [&hellip;]","og_url":"https:\/\/arinteligencia.com.br\/en\/areas-de-atuacao\/nacionalizacao-arabe-brasil\/","og_site_name":"A. R Intelig\u00eancia de Mercado","article_modified_time":"2021-01-05T17:50:40+00:00","og_image":[{"width":1920,"height":1080,"url":"https:\/\/arinteligencia.com.br\/wp-content\/uploads\/2020\/11\/ricksnippet.png","type":"image\/png"}],"twitter_card":"summary_large_image","twitter_misc":{"Estimated reading time":"2 minutes"},"schema":{"@context":"https:\/\/schema.org","@graph":[{"@type":"WebPage","@id":"https:\/\/arinteligencia.com.br\/areas-de-atuacao\/nacionalizacao-arabe-brasil\/","url":"https:\/\/arinteligencia.com.br\/areas-de-atuacao\/nacionalizacao-arabe-brasil\/","name":"Nacionaliza\u00e7\u00e3o de Empresas \u00c1rabes no Brasil - A. R Intelig\u00eancia de Mercado","isPartOf":{"@id":"https:\/\/arinteligencia.com.br\/#website"},"primaryImageOfPage":{"@id":"https:\/\/arinteligencia.com.br\/areas-de-atuacao\/nacionalizacao-arabe-brasil\/#primaryimage"},"image":{"@id":"https:\/\/arinteligencia.com.br\/areas-de-atuacao\/nacionalizacao-arabe-brasil\/#primaryimage"},"thumbnailUrl":"https:\/\/arinteligencia.com.br\/wp-content\/uploads\/2020\/11\/ricksnippet.png","datePublished":"2020-10-29T16:58:04+00:00","dateModified":"2021-01-05T17:50:40+00:00","breadcrumb":{"@id":"https:\/\/arinteligencia.com.br\/areas-de-atuacao\/nacionalizacao-arabe-brasil\/#breadcrumb"},"inLanguage":"en-GB","potentialAction":[{"@type":"ReadAction","target":["https:\/\/arinteligencia.com.br\/areas-de-atuacao\/nacionalizacao-arabe-brasil\/"]}]},{"@type":"ImageObject","inLanguage":"en-GB","@id":"https:\/\/arinteligencia.com.br\/areas-de-atuacao\/nacionalizacao-arabe-brasil\/#primaryimage","url":"https:\/\/arinteligencia.com.br\/wp-content\/uploads\/2020\/11\/ricksnippet.png","contentUrl":"https:\/\/arinteligencia.com.br\/wp-content\/uploads\/2020\/11\/ricksnippet.png","width":1920,"height":1080},{"@type":"BreadcrumbList","@id":"https:\/\/arinteligencia.com.br\/areas-de-atuacao\/nacionalizacao-arabe-brasil\/#breadcrumb","itemListElement":[{"@type":"ListItem","position":1,"name":"In\u00edcio","item":"https:\/\/arinteligencia.com.br\/"},{"@type":"ListItem","position":2,"name":"\u00c1reas de Atua\u00e7\u00e3o","item":"https:\/\/arinteligencia.com.br\/areas-de-atuacao\/"},{"@type":"ListItem","position":3,"name":"Nacionaliza\u00e7\u00e3o de Empresas \u00c1rabes no Brasil"}]},{"@type":"WebSite","@id":"https:\/\/arinteligencia.com.br\/#website","url":"https:\/\/arinteligencia.com.br\/","name":"A.R Intelig\u00eancia de Mercado","description":"Intelig\u00eancia Competitiva","publisher":{"@id":"https:\/\/arinteligencia.com.br\/#organization"},"potentialAction":[{"@type":"SearchAction","target":{"@type":"EntryPoint","urlTemplate":"https:\/\/arinteligencia.com.br\/?s={search_term_string}"},"query-input":{"@type":"PropertyValueSpecification","valueRequired":true,"valueName":"search_term_string"}}],"inLanguage":"en-GB"},{"@type":"Organization","@id":"https:\/\/arinteligencia.com.br\/#organization","name":"A.R Intelig\u00eancia de Mercado","url":"https:\/\/arinteligencia.com.br\/","logo":{"@type":"ImageObject","inLanguage":"en-GB","@id":"https:\/\/arinteligencia.com.br\/#\/schema\/logo\/image\/","url":"https:\/\/arinteligencia.com.br\/wp-content\/uploads\/2020\/11\/LOGO-BRANCO-SITE.png","contentUrl":"https:\/\/arinteligencia.com.br\/wp-content\/uploads\/2020\/11\/LOGO-BRANCO-SITE.png","width":289,"height":100,"caption":"A. R Intelig\u00eancia de Mercado"},"image":{"@id":"https:\/\/arinteligencia.com.br\/#\/schema\/logo\/image\/"}}]}},"_links":{"self":[{"href":"https:\/\/arinteligencia.com.br\/en\/wp-json\/wp\/v2\/pages\/319","targetHints":{"allow":["GET"]}}],"collection":[{"href":"https:\/\/arinteligencia.com.br\/en\/wp-json\/wp\/v2\/pages"}],"about":[{"href":"https:\/\/arinteligencia.com.br\/en\/wp-json\/wp\/v2\/types\/page"}],"author":[{"embeddable":true,"href":"https:\/\/arinteligencia.com.br\/en\/wp-json\/wp\/v2\/users\/1"}],"replies":[{"embeddable":true,"href":"https:\/\/arinteligencia.com.br\/en\/wp-json\/wp\/v2\/comments?post=319"}],"version-history":[{"count":0,"href":"https:\/\/arinteligencia.com.br\/en\/wp-json\/wp\/v2\/pages\/319\/revisions"}],"up":[{"embeddable":true,"href":"https:\/\/arinteligencia.com.br\/en\/wp-json\/wp\/v2\/pages\/153"}],"wp:featuredmedia":[{"embeddable":true,"href":"https:\/\/arinteligencia.com.br\/en\/wp-json\/wp\/v2\/media\/630"}],"wp:attachment":[{"href":"https:\/\/arinteligencia.com.br\/en\/wp-json\/wp\/v2\/media?parent=319"}],"curies":[{"name":"wp","href":"https:\/\/api.w.org\/{rel}","templated":true}]}}