{"id":324,"date":"2020-10-29T14:13:56","date_gmt":"2020-10-29T17:13:56","guid":{"rendered":"https:\/\/arinteligencia.com.br\/?page_id=324"},"modified":"2021-01-05T14:50:29","modified_gmt":"2021-01-05T17:50:29","slug":"internacionalizacao-brasil-emirados-arabes","status":"publish","type":"page","link":"https:\/\/arinteligencia.com.br\/pt\/areas-de-atuacao\/internacionalizacao-brasil-emirados-arabes\/","title":{"rendered":"Internacionaliza\u00e7\u00e3o de Empresas Brasileiras nos Emirados \u00c1rabes Unidos &#8211; Zona Franca de Dubai"},"content":{"rendered":"\t\t<div data-elementor-type=\"wp-page\" data-elementor-id=\"324\" class=\"elementor elementor-324\" data-elementor-post-type=\"page\">\n\t\t\t\t\t\t<section class=\"elementor-section elementor-top-section elementor-element elementor-element-482ac8d elementor-section-height-min-height elementor-section-boxed elementor-section-height-default elementor-section-items-middle\" data-id=\"482ac8d\" data-element_type=\"section\" data-settings=\"{&quot;background_background&quot;:&quot;classic&quot;}\">\n\t\t\t\t\t\t\t<div class=\"elementor-background-overlay\"><\/div>\n\t\t\t\t\t\t\t<div class=\"elementor-container elementor-column-gap-default\">\n\t\t\t\t\t<div class=\"elementor-column elementor-col-100 elementor-top-column elementor-element elementor-element-6cb11ba\" data-id=\"6cb11ba\" data-element_type=\"column\">\n\t\t\t<div class=\"elementor-widget-wrap elementor-element-populated\">\n\t\t\t\t\t\t<div class=\"elementor-element elementor-element-641abeb elementor-absolute elementor-widget elementor-widget-text-editor\" data-id=\"641abeb\" data-element_type=\"widget\" data-settings=\"{&quot;_position&quot;:&quot;absolute&quot;}\" data-widget_type=\"text-editor.default\">\n\t\t\t\t\t\t\t\t\t<span style=\"color: #ffffff;\"><span style=\"text-decoration: underline;\"><strong><a style=\"color: #ffffff; text-decoration: underline;\" href=\"https:\/\/arinteligencia.com.br\/areas-de-atuacao\/\">\u00c1reas de Atua\u00e7\u00e3o<\/a><\/strong><\/span>\t\t\t\t\t\t\t\t<\/div>\n\t\t\t\t<div class=\"elementor-element elementor-element-04f71a4 elementor-widget elementor-widget-heading\" data-id=\"04f71a4\" data-element_type=\"widget\" data-widget_type=\"heading.default\">\n\t\t\t\t\t<h2 class=\"elementor-heading-title elementor-size-default\">Internacionaliza\u00e7\u00e3o de Empresas Brasileiras nos Emirados \u00c1rabes Unidos &#8211; Zona Franca de Dubai<\/h2>\t\t\t\t<\/div>\n\t\t\t\t<div class=\"elementor-element elementor-element-2d1e6bc elementor-widget elementor-widget-text-editor\" data-id=\"2d1e6bc\" data-element_type=\"widget\" data-widget_type=\"text-editor.default\">\n\t\t\t\t\t\t\t\t\t<p>Conectamos sua corpora\u00e7\u00e3o ao mercado global.<\/p>\t\t\t\t\t\t\t\t<\/div>\n\t\t\t\t\t<\/div>\n\t\t<\/div>\n\t\t\t\t\t<\/div>\n\t\t<\/section>\n\t\t\t\t<section class=\"elementor-section elementor-top-section elementor-element elementor-element-3a86972 elementor-section-boxed elementor-section-height-default elementor-section-height-default\" data-id=\"3a86972\" data-element_type=\"section\">\n\t\t\t\t\t\t<div class=\"elementor-container elementor-column-gap-default\">\n\t\t\t\t\t<div class=\"elementor-column elementor-col-100 elementor-top-column elementor-element elementor-element-72f6c7a\" data-id=\"72f6c7a\" data-element_type=\"column\">\n\t\t\t<div class=\"elementor-widget-wrap elementor-element-populated\">\n\t\t\t\t\t\t<div class=\"elementor-element elementor-element-080b1de elementor-widget elementor-widget-heading\" data-id=\"080b1de\" data-element_type=\"widget\" data-widget_type=\"heading.default\">\n\t\t\t\t\t<h2 class=\"elementor-heading-title elementor-size-default\">Nossa Solu\u00e7\u00e3o<\/h2>\t\t\t\t<\/div>\n\t\t\t\t<div class=\"elementor-element elementor-element-8e819b8 elementor-widget elementor-widget-text-editor\" data-id=\"8e819b8\" data-element_type=\"widget\" data-widget_type=\"text-editor.default\">\n\t\t\t\t\t\t\t\t\t<p>Constituir uma empresa brasileira nos Emirados \u00c1rabes Unidos (EAU) por meio de registro na Zona de Livre Com\u00e9rcio de Dubai \u00e9 cada vez mais estrat\u00e9gico para os empres\u00e1rios brasileiros dos mercados verticais do agroneg\u00f3cio, energia &#8211; petr\u00f3leo e g\u00e1s, imobili\u00e1rio e de sa\u00fade.<\/p><p>A regi\u00e3o \u00e9 pr\u00f3spera e tem acesso imediato a mercados ricos em petr\u00f3leo e g\u00e1s natural do Oriente M\u00e9dio e Dubai, que se encontram dentro dos EAU e conta com incentivos especiais para investidores estrangeiros.<\/p><p>INTERNACIONALIZA\u00c7\u00c3O DE EMPRESAS BRASILEIRAS NOS EMIRADOS \u00c1RABES UNIDOS<\/p><p>Al\u00e9m da possibilidade de alcan\u00e7ar melhores resultados\u00a0 estrat\u00e9gicos e econ\u00f4micos, uma vez que a cidade \u00e9 o centro financeiro dos EAU, existem outros benef\u00edcios em se estabelecer uma empresa brasileira na Zona de Livre Com\u00e9rcio de Dubai, dentre os quais destacamos:<\/p><ul><li>Zona de Livre Com\u00e9rcio com a possibilidade de at\u00e9 100% de participa\u00e7\u00e3o estrangeira e regime de tributa\u00e7\u00e3o nula;<\/li><li>Ganhos de capital livres de impostos;<\/li><li>Centro de neg\u00f3cios para o Oriente M\u00e9dio e norte da \u00c1frica;<\/li><li>Proximidade dos maiores centros de reservas de petr\u00f3leo e g\u00e1s natural;<\/li><li>Economia crescente e diversificada;<\/li><li>Oportunidades de novos neg\u00f3cios;<\/li><li>Oportunidades para empresas brasileiras;<\/li><li>Infraestrutura s\u00f3lida, est\u00e1vel e segura para as empresas brasileiras;<\/li><li>Sistema banc\u00e1rio robusto, economia pujante e sistema pol\u00edtico est\u00e1vel;<\/li><li>Idioma ingl\u00eas amplamente utilizado.<\/li><\/ul>\t\t\t\t\t\t\t\t<\/div>\n\t\t\t\t<div class=\"elementor-element elementor-element-d9e95bf elementor-widget elementor-widget-image\" data-id=\"d9e95bf\" data-element_type=\"widget\" data-widget_type=\"image.default\">\n\t\t\t\t\t\t\t\t\t\t\t\t\t\t\t<img fetchpriority=\"high\" decoding=\"async\" width=\"580\" height=\"211\" src=\"https:\/\/arinteligencia.com.br\/wp-content\/uploads\/2020\/10\/arab.png\" class=\"attachment-large size-large wp-image-94\" alt=\"\" srcset=\"https:\/\/arinteligencia.com.br\/wp-content\/uploads\/2020\/10\/arab.png 686w, https:\/\/arinteligencia.com.br\/wp-content\/uploads\/2020\/10\/arab-300x109.png 300w\" sizes=\"(max-width: 580px) 100vw, 580px\" \/>\t\t\t\t\t\t\t\t\t\t\t\t\t\t\t<\/div>\n\t\t\t\t<div class=\"elementor-element elementor-element-e0cfe61 elementor-widget elementor-widget-text-editor\" data-id=\"e0cfe61\" data-element_type=\"widget\" data-widget_type=\"text-editor.default\">\n\t\t\t\t\t\t\t\t\t<p>Para saber mais sobre como implementar uma unidade operacional de sua empresa nos Emirados \u00c1rabes Unidos \u2013 Zona Franca de Dubai, <span style=\"text-decoration: underline;\"><strong><span style=\"color: #003366; text-decoration: underline;\"><a style=\"color: #003366; text-decoration: underline;\" href=\"https:\/\/arinteligencia.com.br\/contato\/\">clique aqui e fale com um dos especialistas da nossa equipe multidisciplinar<\/a><\/span><\/strong><\/span>.<\/p>\t\t\t\t\t\t\t\t<\/div>\n\t\t\t\t\t<\/div>\n\t\t<\/div>\n\t\t\t\t\t<\/div>\n\t\t<\/section>\n\t\t\t\t<\/div>\n\t\t","protected":false},"excerpt":{"rendered":"<p>\u00c1reas de Atua\u00e7\u00e3o Conectamos sua corpora\u00e7\u00e3o ao mercado global. Nossa Solu\u00e7\u00e3o Constituir uma empresa brasileira nos Emirados \u00c1rabes Unidos (EAU) por meio de registro na Zona de Livre Com\u00e9rcio de Dubai \u00e9 cada vez mais estrat\u00e9gico para os empres\u00e1rios brasileiros dos mercados verticais do agroneg\u00f3cio, energia &#8211; petr\u00f3leo e g\u00e1s, imobili\u00e1rio e de sa\u00fade. A [&hellip;]<\/p>\n","protected":false},"author":1,"featured_media":630,"parent":153,"menu_order":0,"comment_status":"closed","ping_status":"closed","template":"elementor_header_footer","meta":{"footnotes":""},"class_list":["post-324","page","type-page","status-publish","has-post-thumbnail","hentry"],"yoast_head":"<!-- This site is optimized with the Yoast SEO plugin v25.7 - https:\/\/yoast.com\/wordpress\/plugins\/seo\/ -->\n<title>Internacionaliza\u00e7\u00e3o de Empresas Brasileiras nos Emirados \u00c1rabes Unidos - Zona Franca de Dubai - A. R Intelig\u00eancia de Mercado<\/title>\n<meta name=\"robots\" content=\"index, follow, max-snippet:-1, max-image-preview:large, max-video-preview:-1\" \/>\n<link rel=\"canonical\" href=\"https:\/\/arinteligencia.com.br\/pt\/areas-de-atuacao\/internacionalizacao-brasil-emirados-arabes\/\" \/>\n<meta property=\"og:locale\" content=\"pt_BR\" \/>\n<meta property=\"og:type\" content=\"article\" \/>\n<meta property=\"og:title\" content=\"Internacionaliza\u00e7\u00e3o de Empresas Brasileiras nos Emirados \u00c1rabes Unidos - Zona Franca de Dubai - A. R Intelig\u00eancia de Mercado\" \/>\n<meta property=\"og:description\" content=\"\u00c1reas de Atua\u00e7\u00e3o Conectamos sua corpora\u00e7\u00e3o ao mercado global. Nossa Solu\u00e7\u00e3o Constituir uma empresa brasileira nos Emirados \u00c1rabes Unidos (EAU) por meio de registro na Zona de Livre Com\u00e9rcio de Dubai \u00e9 cada vez mais estrat\u00e9gico para os empres\u00e1rios brasileiros dos mercados verticais do agroneg\u00f3cio, energia &#8211; petr\u00f3leo e g\u00e1s, imobili\u00e1rio e de sa\u00fade. A [&hellip;]\" \/>\n<meta property=\"og:url\" content=\"https:\/\/arinteligencia.com.br\/pt\/areas-de-atuacao\/internacionalizacao-brasil-emirados-arabes\/\" \/>\n<meta property=\"og:site_name\" content=\"A. R Intelig\u00eancia de Mercado\" \/>\n<meta property=\"article:modified_time\" content=\"2021-01-05T17:50:29+00:00\" \/>\n<meta property=\"og:image\" content=\"https:\/\/arinteligencia.com.br\/wp-content\/uploads\/2020\/11\/ricksnippet.png\" \/>\n\t<meta property=\"og:image:width\" content=\"1920\" \/>\n\t<meta property=\"og:image:height\" content=\"1080\" \/>\n\t<meta property=\"og:image:type\" content=\"image\/png\" \/>\n<meta name=\"twitter:card\" content=\"summary_large_image\" \/>\n<meta name=\"twitter:label1\" content=\"Est. tempo de leitura\" \/>\n\t<meta name=\"twitter:data1\" content=\"1 minuto\" \/>\n<script type=\"application\/ld+json\" class=\"yoast-schema-graph\">{\"@context\":\"https:\/\/schema.org\",\"@graph\":[{\"@type\":\"WebPage\",\"@id\":\"https:\/\/arinteligencia.com.br\/areas-de-atuacao\/internacionalizacao-brasil-emirados-arabes\/\",\"url\":\"https:\/\/arinteligencia.com.br\/areas-de-atuacao\/internacionalizacao-brasil-emirados-arabes\/\",\"name\":\"Internacionaliza\u00e7\u00e3o de Empresas Brasileiras nos Emirados \u00c1rabes Unidos - Zona Franca de Dubai - A. R Intelig\u00eancia de Mercado\",\"isPartOf\":{\"@id\":\"https:\/\/arinteligencia.com.br\/#website\"},\"primaryImageOfPage\":{\"@id\":\"https:\/\/arinteligencia.com.br\/areas-de-atuacao\/internacionalizacao-brasil-emirados-arabes\/#primaryimage\"},\"image\":{\"@id\":\"https:\/\/arinteligencia.com.br\/areas-de-atuacao\/internacionalizacao-brasil-emirados-arabes\/#primaryimage\"},\"thumbnailUrl\":\"https:\/\/arinteligencia.com.br\/wp-content\/uploads\/2020\/11\/ricksnippet.png\",\"datePublished\":\"2020-10-29T17:13:56+00:00\",\"dateModified\":\"2021-01-05T17:50:29+00:00\",\"breadcrumb\":{\"@id\":\"https:\/\/arinteligencia.com.br\/areas-de-atuacao\/internacionalizacao-brasil-emirados-arabes\/#breadcrumb\"},\"inLanguage\":\"pt-BR\",\"potentialAction\":[{\"@type\":\"ReadAction\",\"target\":[\"https:\/\/arinteligencia.com.br\/areas-de-atuacao\/internacionalizacao-brasil-emirados-arabes\/\"]}]},{\"@type\":\"ImageObject\",\"inLanguage\":\"pt-BR\",\"@id\":\"https:\/\/arinteligencia.com.br\/areas-de-atuacao\/internacionalizacao-brasil-emirados-arabes\/#primaryimage\",\"url\":\"https:\/\/arinteligencia.com.br\/wp-content\/uploads\/2020\/11\/ricksnippet.png\",\"contentUrl\":\"https:\/\/arinteligencia.com.br\/wp-content\/uploads\/2020\/11\/ricksnippet.png\",\"width\":1920,\"height\":1080},{\"@type\":\"BreadcrumbList\",\"@id\":\"https:\/\/arinteligencia.com.br\/areas-de-atuacao\/internacionalizacao-brasil-emirados-arabes\/#breadcrumb\",\"itemListElement\":[{\"@type\":\"ListItem\",\"position\":1,\"name\":\"In\u00edcio\",\"item\":\"https:\/\/arinteligencia.com.br\/\"},{\"@type\":\"ListItem\",\"position\":2,\"name\":\"\u00c1reas de Atua\u00e7\u00e3o\",\"item\":\"https:\/\/arinteligencia.com.br\/areas-de-atuacao\/\"},{\"@type\":\"ListItem\",\"position\":3,\"name\":\"Internacionaliza\u00e7\u00e3o de Empresas Brasileiras nos Emirados \u00c1rabes Unidos &#8211; Zona Franca de Dubai\"}]},{\"@type\":\"WebSite\",\"@id\":\"https:\/\/arinteligencia.com.br\/#website\",\"url\":\"https:\/\/arinteligencia.com.br\/\",\"name\":\"A. R Intelig\u00eancia de Mercado\",\"description\":\"Intelig\u00eancia Competitiva\",\"publisher\":{\"@id\":\"https:\/\/arinteligencia.com.br\/#organization\"},\"potentialAction\":[{\"@type\":\"SearchAction\",\"target\":{\"@type\":\"EntryPoint\",\"urlTemplate\":\"https:\/\/arinteligencia.com.br\/?s={search_term_string}\"},\"query-input\":{\"@type\":\"PropertyValueSpecification\",\"valueRequired\":true,\"valueName\":\"search_term_string\"}}],\"inLanguage\":\"pt-BR\"},{\"@type\":\"Organization\",\"@id\":\"https:\/\/arinteligencia.com.br\/#organization\",\"name\":\"A. R Intelig\u00eancia de Mercado\",\"url\":\"https:\/\/arinteligencia.com.br\/\",\"logo\":{\"@type\":\"ImageObject\",\"inLanguage\":\"pt-BR\",\"@id\":\"https:\/\/arinteligencia.com.br\/#\/schema\/logo\/image\/\",\"url\":\"https:\/\/arinteligencia.com.br\/wp-content\/uploads\/2020\/11\/LOGO-BRANCO-SITE.png\",\"contentUrl\":\"https:\/\/arinteligencia.com.br\/wp-content\/uploads\/2020\/11\/LOGO-BRANCO-SITE.png\",\"width\":289,\"height\":100,\"caption\":\"A. R Intelig\u00eancia de Mercado\"},\"image\":{\"@id\":\"https:\/\/arinteligencia.com.br\/#\/schema\/logo\/image\/\"}}]}<\/script>\n<!-- \/ Yoast SEO plugin. -->","yoast_head_json":{"title":"Internacionaliza\u00e7\u00e3o de Empresas Brasileiras nos Emirados \u00c1rabes Unidos - Zona Franca de Dubai - A. R Intelig\u00eancia de Mercado","robots":{"index":"index","follow":"follow","max-snippet":"max-snippet:-1","max-image-preview":"max-image-preview:large","max-video-preview":"max-video-preview:-1"},"canonical":"https:\/\/arinteligencia.com.br\/pt\/areas-de-atuacao\/internacionalizacao-brasil-emirados-arabes\/","og_locale":"pt_BR","og_type":"article","og_title":"Internacionaliza\u00e7\u00e3o de Empresas Brasileiras nos Emirados \u00c1rabes Unidos - Zona Franca de Dubai - A. R Intelig\u00eancia de Mercado","og_description":"\u00c1reas de Atua\u00e7\u00e3o Conectamos sua corpora\u00e7\u00e3o ao mercado global. Nossa Solu\u00e7\u00e3o Constituir uma empresa brasileira nos Emirados \u00c1rabes Unidos (EAU) por meio de registro na Zona de Livre Com\u00e9rcio de Dubai \u00e9 cada vez mais estrat\u00e9gico para os empres\u00e1rios brasileiros dos mercados verticais do agroneg\u00f3cio, energia &#8211; petr\u00f3leo e g\u00e1s, imobili\u00e1rio e de sa\u00fade. A [&hellip;]","og_url":"https:\/\/arinteligencia.com.br\/pt\/areas-de-atuacao\/internacionalizacao-brasil-emirados-arabes\/","og_site_name":"A. R Intelig\u00eancia de Mercado","article_modified_time":"2021-01-05T17:50:29+00:00","og_image":[{"width":1920,"height":1080,"url":"https:\/\/arinteligencia.com.br\/wp-content\/uploads\/2020\/11\/ricksnippet.png","type":"image\/png"}],"twitter_card":"summary_large_image","twitter_misc":{"Est. tempo de leitura":"1 minuto"},"schema":{"@context":"https:\/\/schema.org","@graph":[{"@type":"WebPage","@id":"https:\/\/arinteligencia.com.br\/areas-de-atuacao\/internacionalizacao-brasil-emirados-arabes\/","url":"https:\/\/arinteligencia.com.br\/areas-de-atuacao\/internacionalizacao-brasil-emirados-arabes\/","name":"Internacionaliza\u00e7\u00e3o de Empresas Brasileiras nos Emirados \u00c1rabes Unidos - Zona Franca de Dubai - A. R Intelig\u00eancia de Mercado","isPartOf":{"@id":"https:\/\/arinteligencia.com.br\/#website"},"primaryImageOfPage":{"@id":"https:\/\/arinteligencia.com.br\/areas-de-atuacao\/internacionalizacao-brasil-emirados-arabes\/#primaryimage"},"image":{"@id":"https:\/\/arinteligencia.com.br\/areas-de-atuacao\/internacionalizacao-brasil-emirados-arabes\/#primaryimage"},"thumbnailUrl":"https:\/\/arinteligencia.com.br\/wp-content\/uploads\/2020\/11\/ricksnippet.png","datePublished":"2020-10-29T17:13:56+00:00","dateModified":"2021-01-05T17:50:29+00:00","breadcrumb":{"@id":"https:\/\/arinteligencia.com.br\/areas-de-atuacao\/internacionalizacao-brasil-emirados-arabes\/#breadcrumb"},"inLanguage":"pt-BR","potentialAction":[{"@type":"ReadAction","target":["https:\/\/arinteligencia.com.br\/areas-de-atuacao\/internacionalizacao-brasil-emirados-arabes\/"]}]},{"@type":"ImageObject","inLanguage":"pt-BR","@id":"https:\/\/arinteligencia.com.br\/areas-de-atuacao\/internacionalizacao-brasil-emirados-arabes\/#primaryimage","url":"https:\/\/arinteligencia.com.br\/wp-content\/uploads\/2020\/11\/ricksnippet.png","contentUrl":"https:\/\/arinteligencia.com.br\/wp-content\/uploads\/2020\/11\/ricksnippet.png","width":1920,"height":1080},{"@type":"BreadcrumbList","@id":"https:\/\/arinteligencia.com.br\/areas-de-atuacao\/internacionalizacao-brasil-emirados-arabes\/#breadcrumb","itemListElement":[{"@type":"ListItem","position":1,"name":"In\u00edcio","item":"https:\/\/arinteligencia.com.br\/"},{"@type":"ListItem","position":2,"name":"\u00c1reas de Atua\u00e7\u00e3o","item":"https:\/\/arinteligencia.com.br\/areas-de-atuacao\/"},{"@type":"ListItem","position":3,"name":"Internacionaliza\u00e7\u00e3o de Empresas Brasileiras nos Emirados \u00c1rabes Unidos &#8211; Zona Franca de Dubai"}]},{"@type":"WebSite","@id":"https:\/\/arinteligencia.com.br\/#website","url":"https:\/\/arinteligencia.com.br\/","name":"A. R Intelig\u00eancia de Mercado","description":"Intelig\u00eancia Competitiva","publisher":{"@id":"https:\/\/arinteligencia.com.br\/#organization"},"potentialAction":[{"@type":"SearchAction","target":{"@type":"EntryPoint","urlTemplate":"https:\/\/arinteligencia.com.br\/?s={search_term_string}"},"query-input":{"@type":"PropertyValueSpecification","valueRequired":true,"valueName":"search_term_string"}}],"inLanguage":"pt-BR"},{"@type":"Organization","@id":"https:\/\/arinteligencia.com.br\/#organization","name":"A. R Intelig\u00eancia de Mercado","url":"https:\/\/arinteligencia.com.br\/","logo":{"@type":"ImageObject","inLanguage":"pt-BR","@id":"https:\/\/arinteligencia.com.br\/#\/schema\/logo\/image\/","url":"https:\/\/arinteligencia.com.br\/wp-content\/uploads\/2020\/11\/LOGO-BRANCO-SITE.png","contentUrl":"https:\/\/arinteligencia.com.br\/wp-content\/uploads\/2020\/11\/LOGO-BRANCO-SITE.png","width":289,"height":100,"caption":"A. R Intelig\u00eancia de Mercado"},"image":{"@id":"https:\/\/arinteligencia.com.br\/#\/schema\/logo\/image\/"}}]}},"_links":{"self":[{"href":"https:\/\/arinteligencia.com.br\/pt\/wp-json\/wp\/v2\/pages\/324","targetHints":{"allow":["GET"]}}],"collection":[{"href":"https:\/\/arinteligencia.com.br\/pt\/wp-json\/wp\/v2\/pages"}],"about":[{"href":"https:\/\/arinteligencia.com.br\/pt\/wp-json\/wp\/v2\/types\/page"}],"author":[{"embeddable":true,"href":"https:\/\/arinteligencia.com.br\/pt\/wp-json\/wp\/v2\/users\/1"}],"replies":[{"embeddable":true,"href":"https:\/\/arinteligencia.com.br\/pt\/wp-json\/wp\/v2\/comments?post=324"}],"version-history":[{"count":28,"href":"https:\/\/arinteligencia.com.br\/pt\/wp-json\/wp\/v2\/pages\/324\/revisions"}],"predecessor-version":[{"id":1585,"href":"https:\/\/arinteligencia.com.br\/pt\/wp-json\/wp\/v2\/pages\/324\/revisions\/1585"}],"up":[{"embeddable":true,"href":"https:\/\/arinteligencia.com.br\/pt\/wp-json\/wp\/v2\/pages\/153"}],"wp:featuredmedia":[{"embeddable":true,"href":"https:\/\/arinteligencia.com.br\/pt\/wp-json\/wp\/v2\/media\/630"}],"wp:attachment":[{"href":"https:\/\/arinteligencia.com.br\/pt\/wp-json\/wp\/v2\/media?parent=324"}],"curies":[{"name":"wp","href":"https:\/\/api.w.org\/{rel}","templated":true}]}}