{"id":391,"date":"2020-11-04T18:50:14","date_gmt":"2020-11-04T20:50:14","guid":{"rendered":"https:\/\/arinteligencia.com.br\/?page_id=391"},"modified":"2021-05-19T11:57:27","modified_gmt":"2021-05-19T14:57:27","slug":"trabalhe","status":"publish","type":"page","link":"https:\/\/arinteligencia.com.br\/pt\/trabalhe\/","title":{"rendered":"Trabalhe Conosco"},"content":{"rendered":"\t\t<div data-elementor-type=\"wp-page\" data-elementor-id=\"391\" class=\"elementor elementor-391\" data-elementor-post-type=\"page\">\n\t\t\t\t\t\t<section class=\"elementor-section elementor-top-section elementor-element elementor-element-b802fb7 elementor-section-height-min-height elementor-section-boxed elementor-section-height-default elementor-section-items-middle\" data-id=\"b802fb7\" data-element_type=\"section\" data-settings=\"{&quot;background_background&quot;:&quot;classic&quot;}\">\n\t\t\t\t\t\t\t<div class=\"elementor-background-overlay\"><\/div>\n\t\t\t\t\t\t\t<div class=\"elementor-container elementor-column-gap-default\">\n\t\t\t\t\t<div class=\"elementor-column elementor-col-100 elementor-top-column elementor-element elementor-element-401bbf1\" data-id=\"401bbf1\" data-element_type=\"column\">\n\t\t\t<div class=\"elementor-widget-wrap elementor-element-populated\">\n\t\t\t\t\t\t<div class=\"elementor-element elementor-element-e962ea2 elementor-widget elementor-widget-heading\" data-id=\"e962ea2\" data-element_type=\"widget\" data-widget_type=\"heading.default\">\n\t\t\t\t\t<h2 class=\"elementor-heading-title elementor-size-default\">Trabalhe Conosco<\/h2>\t\t\t\t<\/div>\n\t\t\t\t<div class=\"elementor-element elementor-element-2b11976 elementor-widget elementor-widget-text-editor\" data-id=\"2b11976\" data-element_type=\"widget\" data-widget_type=\"text-editor.default\">\n\t\t\t\t\t\t\t\t\t<p class=\"p1\">Venha fazer parte voc\u00ea tamb\u00e9m, do nosso time de campe\u00f5es!<\/p>\t\t\t\t\t\t\t\t<\/div>\n\t\t\t\t\t<\/div>\n\t\t<\/div>\n\t\t\t\t\t<\/div>\n\t\t<\/section>\n\t\t\t\t<section class=\"elementor-section elementor-top-section elementor-element elementor-element-bf6de82 elementor-section-boxed elementor-section-height-default elementor-section-height-default\" data-id=\"bf6de82\" data-element_type=\"section\">\n\t\t\t\t\t\t<div class=\"elementor-container elementor-column-gap-default\">\n\t\t\t\t\t<div class=\"elementor-column elementor-col-100 elementor-top-column elementor-element elementor-element-7184e64 elementor-invisible\" data-id=\"7184e64\" data-element_type=\"column\" data-settings=\"{&quot;animation&quot;:&quot;fadeInLeft&quot;}\">\n\t\t\t<div class=\"elementor-widget-wrap elementor-element-populated\">\n\t\t\t\t\t\t<div class=\"elementor-element elementor-element-90669a2 elementor-button-align-stretch elementor-widget elementor-widget-form\" data-id=\"90669a2\" data-element_type=\"widget\" data-settings=\"{&quot;step_next_label&quot;:&quot;Next&quot;,&quot;step_previous_label&quot;:&quot;Previous&quot;,&quot;button_width&quot;:&quot;100&quot;,&quot;step_type&quot;:&quot;number_text&quot;,&quot;step_icon_shape&quot;:&quot;circle&quot;}\" data-widget_type=\"form.default\">\n\t\t\t\t\t\t\t<form class=\"elementor-form\" method=\"post\" name=\"New Form\" aria-label=\"New Form\">\n\t\t\t<input type=\"hidden\" name=\"post_id\" value=\"391\"\/>\n\t\t\t<input type=\"hidden\" name=\"form_id\" value=\"90669a2\"\/>\n\t\t\t<input type=\"hidden\" name=\"referer_title\" value=\"Trabalhe Conosco - A. R Intelig\u00eancia de Mercado\" \/>\n\n\t\t\t\t\t\t\t<input type=\"hidden\" name=\"queried_id\" value=\"391\"\/>\n\t\t\t\n\t\t\t<div class=\"elementor-form-fields-wrapper elementor-labels-above\">\n\t\t\t\t\t\t\t\t<div class=\"elementor-field-type-text elementor-field-group elementor-column elementor-field-group-field_014c829 elementor-col-100 elementor-field-required\">\n\t\t\t\t\t\t\t\t\t\t\t\t<label for=\"form-field-field_014c829\" class=\"elementor-field-label\">\n\t\t\t\t\t\t\t\tNome Completo\t\t\t\t\t\t\t<\/label>\n\t\t\t\t\t\t\t\t\t\t\t\t\t\t<input size=\"1\" type=\"text\" name=\"form_fields[field_014c829]\" id=\"form-field-field_014c829\" class=\"elementor-field elementor-size-sm  elementor-field-textual\" required=\"required\">\n\t\t\t\t\t\t\t\t\t\t\t<\/div>\n\t\t\t\t\t\t\t\t<div class=\"elementor-field-type-text elementor-field-group elementor-column elementor-field-group-field_699b96c elementor-col-100 elementor-field-required\">\n\t\t\t\t\t\t\t\t\t\t\t\t<label for=\"form-field-field_699b96c\" class=\"elementor-field-label\">\n\t\t\t\t\t\t\t\tVaga Pretendida\t\t\t\t\t\t\t<\/label>\n\t\t\t\t\t\t\t\t\t\t\t\t\t\t<input size=\"1\" type=\"text\" name=\"form_fields[field_699b96c]\" id=\"form-field-field_699b96c\" class=\"elementor-field elementor-size-sm  elementor-field-textual\" required=\"required\">\n\t\t\t\t\t\t\t\t\t\t\t<\/div>\n\t\t\t\t\t\t\t\t<div class=\"elementor-field-type-email elementor-field-group elementor-column elementor-field-group-field_5648924 elementor-col-100 elementor-field-required\">\n\t\t\t\t\t\t\t\t\t\t\t\t<label for=\"form-field-field_5648924\" class=\"elementor-field-label\">\n\t\t\t\t\t\t\t\tEmail\t\t\t\t\t\t\t<\/label>\n\t\t\t\t\t\t\t\t\t\t\t\t\t\t<input size=\"1\" type=\"email\" name=\"form_fields[field_5648924]\" id=\"form-field-field_5648924\" class=\"elementor-field elementor-size-sm  elementor-field-textual\" required=\"required\">\n\t\t\t\t\t\t\t\t\t\t\t<\/div>\n\t\t\t\t\t\t\t\t<div class=\"elementor-field-type-text elementor-field-group elementor-column elementor-field-group-field_2c544c9 elementor-col-100 elementor-field-required\">\n\t\t\t\t\t\t\t\t\t\t\t\t<label for=\"form-field-field_2c544c9\" class=\"elementor-field-label\">\n\t\t\t\t\t\t\t\tTelefone\t\t\t\t\t\t\t<\/label>\n\t\t\t\t\t\t\t\t\t\t\t\t\t\t<input size=\"1\" type=\"text\" name=\"form_fields[field_2c544c9]\" id=\"form-field-field_2c544c9\" class=\"elementor-field elementor-size-sm  elementor-field-textual\" required=\"required\">\n\t\t\t\t\t\t\t\t\t\t\t<\/div>\n\t\t\t\t\t\t\t\t<div class=\"elementor-field-type-text elementor-field-group elementor-column elementor-field-group-field_2c3c099 elementor-col-100 elementor-field-required\">\n\t\t\t\t\t\t\t\t\t\t\t\t<label for=\"form-field-field_2c3c099\" class=\"elementor-field-label\">\n\t\t\t\t\t\t\t\tLinkedIn\t\t\t\t\t\t\t<\/label>\n\t\t\t\t\t\t\t\t\t\t\t\t\t\t<input size=\"1\" type=\"text\" name=\"form_fields[field_2c3c099]\" id=\"form-field-field_2c3c099\" class=\"elementor-field elementor-size-sm  elementor-field-textual\" required=\"required\">\n\t\t\t\t\t\t\t\t\t\t\t<\/div>\n\t\t\t\t\t\t\t\t<div class=\"elementor-field-type-upload elementor-field-group elementor-column elementor-field-group-field_d01c276 elementor-col-100 elementor-field-required\">\n\t\t\t\t\t\t\t\t\t\t\t\t<label for=\"form-field-field_d01c276\" class=\"elementor-field-label\">\n\t\t\t\t\t\t\t\tEnvie seu CV\t\t\t\t\t\t\t<\/label>\n\t\t\t\t\t\t\t\t<input type=\"file\" name=\"form_fields[field_d01c276]\" id=\"form-field-field_d01c276\" class=\"elementor-field elementor-size-sm  elementor-upload-field\" required=\"required\">\n\n\t\t\t\t\t\t<\/div>\n\t\t\t\t\t\t\t\t<div class=\"elementor-field-group elementor-column elementor-field-type-submit elementor-col-100 e-form__buttons\">\n\t\t\t\t\t<button class=\"elementor-button elementor-size-sm elementor-animation-shrink\" type=\"submit\">\n\t\t\t\t\t\t<span class=\"elementor-button-content-wrapper\">\n\t\t\t\t\t\t\t\t\t\t\t\t\t\t\t\t\t\t\t\t\t\t<span class=\"elementor-button-text\">ENVIAR<\/span>\n\t\t\t\t\t\t\t\t\t\t\t\t\t<\/span>\n\t\t\t\t\t<\/button>\n\t\t\t\t<\/div>\n\t\t\t<\/div>\n\t\t<\/form>\n\t\t\t\t\t\t<\/div>\n\t\t\t\t\t<\/div>\n\t\t<\/div>\n\t\t\t\t\t<\/div>\n\t\t<\/section>\n\t\t\t\t<\/div>\n\t\t","protected":false},"excerpt":{"rendered":"<p>Trabalhe Conosco Venha fazer parte voc\u00ea tamb\u00e9m, do nosso time de campe\u00f5es!<\/p>\n","protected":false},"author":1,"featured_media":0,"parent":0,"menu_order":0,"comment_status":"closed","ping_status":"closed","template":"elementor_header_footer","meta":{"footnotes":""},"class_list":["post-391","page","type-page","status-publish","hentry"],"yoast_head":"<!-- This site is optimized with the Yoast SEO plugin v25.7 - https:\/\/yoast.com\/wordpress\/plugins\/seo\/ -->\n<title>Trabalhe Conosco - A. R Intelig\u00eancia de Mercado<\/title>\n<meta name=\"robots\" content=\"index, follow, max-snippet:-1, max-image-preview:large, max-video-preview:-1\" \/>\n<link rel=\"canonical\" href=\"https:\/\/arinteligencia.com.br\/pt\/trabalhe\/\" \/>\n<meta property=\"og:locale\" content=\"pt_BR\" \/>\n<meta property=\"og:type\" content=\"article\" \/>\n<meta property=\"og:title\" content=\"Trabalhe Conosco - A. R Intelig\u00eancia de Mercado\" \/>\n<meta property=\"og:description\" content=\"Trabalhe Conosco Venha fazer parte voc\u00ea tamb\u00e9m, do nosso time de campe\u00f5es!\" \/>\n<meta property=\"og:url\" content=\"https:\/\/arinteligencia.com.br\/pt\/trabalhe\/\" \/>\n<meta property=\"og:site_name\" content=\"A. R Intelig\u00eancia de Mercado\" \/>\n<meta property=\"article:modified_time\" content=\"2021-05-19T14:57:27+00:00\" \/>\n<meta name=\"twitter:card\" content=\"summary_large_image\" \/>\n<script type=\"application\/ld+json\" class=\"yoast-schema-graph\">{\"@context\":\"https:\/\/schema.org\",\"@graph\":[{\"@type\":\"WebPage\",\"@id\":\"https:\/\/arinteligencia.com.br\/trabalhe\/\",\"url\":\"https:\/\/arinteligencia.com.br\/trabalhe\/\",\"name\":\"Trabalhe Conosco - A. R Intelig\u00eancia de Mercado\",\"isPartOf\":{\"@id\":\"https:\/\/arinteligencia.com.br\/#website\"},\"datePublished\":\"2020-11-04T20:50:14+00:00\",\"dateModified\":\"2021-05-19T14:57:27+00:00\",\"breadcrumb\":{\"@id\":\"https:\/\/arinteligencia.com.br\/trabalhe\/#breadcrumb\"},\"inLanguage\":\"pt-BR\",\"potentialAction\":[{\"@type\":\"ReadAction\",\"target\":[\"https:\/\/arinteligencia.com.br\/trabalhe\/\"]}]},{\"@type\":\"BreadcrumbList\",\"@id\":\"https:\/\/arinteligencia.com.br\/trabalhe\/#breadcrumb\",\"itemListElement\":[{\"@type\":\"ListItem\",\"position\":1,\"name\":\"In\u00edcio\",\"item\":\"https:\/\/arinteligencia.com.br\/\"},{\"@type\":\"ListItem\",\"position\":2,\"name\":\"Trabalhe Conosco\"}]},{\"@type\":\"WebSite\",\"@id\":\"https:\/\/arinteligencia.com.br\/#website\",\"url\":\"https:\/\/arinteligencia.com.br\/\",\"name\":\"A. R Intelig\u00eancia de Mercado\",\"description\":\"Intelig\u00eancia Competitiva\",\"publisher\":{\"@id\":\"https:\/\/arinteligencia.com.br\/#organization\"},\"potentialAction\":[{\"@type\":\"SearchAction\",\"target\":{\"@type\":\"EntryPoint\",\"urlTemplate\":\"https:\/\/arinteligencia.com.br\/?s={search_term_string}\"},\"query-input\":{\"@type\":\"PropertyValueSpecification\",\"valueRequired\":true,\"valueName\":\"search_term_string\"}}],\"inLanguage\":\"pt-BR\"},{\"@type\":\"Organization\",\"@id\":\"https:\/\/arinteligencia.com.br\/#organization\",\"name\":\"A. R Intelig\u00eancia de Mercado\",\"url\":\"https:\/\/arinteligencia.com.br\/\",\"logo\":{\"@type\":\"ImageObject\",\"inLanguage\":\"pt-BR\",\"@id\":\"https:\/\/arinteligencia.com.br\/#\/schema\/logo\/image\/\",\"url\":\"https:\/\/arinteligencia.com.br\/wp-content\/uploads\/2020\/11\/LOGO-BRANCO-SITE.png\",\"contentUrl\":\"https:\/\/arinteligencia.com.br\/wp-content\/uploads\/2020\/11\/LOGO-BRANCO-SITE.png\",\"width\":289,\"height\":100,\"caption\":\"A. R Intelig\u00eancia de Mercado\"},\"image\":{\"@id\":\"https:\/\/arinteligencia.com.br\/#\/schema\/logo\/image\/\"}}]}<\/script>\n<!-- \/ Yoast SEO plugin. -->","yoast_head_json":{"title":"Trabalhe Conosco - A. R Intelig\u00eancia de Mercado","robots":{"index":"index","follow":"follow","max-snippet":"max-snippet:-1","max-image-preview":"max-image-preview:large","max-video-preview":"max-video-preview:-1"},"canonical":"https:\/\/arinteligencia.com.br\/pt\/trabalhe\/","og_locale":"pt_BR","og_type":"article","og_title":"Trabalhe Conosco - A. R Intelig\u00eancia de Mercado","og_description":"Trabalhe Conosco Venha fazer parte voc\u00ea tamb\u00e9m, do nosso time de campe\u00f5es!","og_url":"https:\/\/arinteligencia.com.br\/pt\/trabalhe\/","og_site_name":"A. R Intelig\u00eancia de Mercado","article_modified_time":"2021-05-19T14:57:27+00:00","twitter_card":"summary_large_image","schema":{"@context":"https:\/\/schema.org","@graph":[{"@type":"WebPage","@id":"https:\/\/arinteligencia.com.br\/trabalhe\/","url":"https:\/\/arinteligencia.com.br\/trabalhe\/","name":"Trabalhe Conosco - A. R Intelig\u00eancia de Mercado","isPartOf":{"@id":"https:\/\/arinteligencia.com.br\/#website"},"datePublished":"2020-11-04T20:50:14+00:00","dateModified":"2021-05-19T14:57:27+00:00","breadcrumb":{"@id":"https:\/\/arinteligencia.com.br\/trabalhe\/#breadcrumb"},"inLanguage":"pt-BR","potentialAction":[{"@type":"ReadAction","target":["https:\/\/arinteligencia.com.br\/trabalhe\/"]}]},{"@type":"BreadcrumbList","@id":"https:\/\/arinteligencia.com.br\/trabalhe\/#breadcrumb","itemListElement":[{"@type":"ListItem","position":1,"name":"In\u00edcio","item":"https:\/\/arinteligencia.com.br\/"},{"@type":"ListItem","position":2,"name":"Trabalhe Conosco"}]},{"@type":"WebSite","@id":"https:\/\/arinteligencia.com.br\/#website","url":"https:\/\/arinteligencia.com.br\/","name":"A. R Intelig\u00eancia de Mercado","description":"Intelig\u00eancia Competitiva","publisher":{"@id":"https:\/\/arinteligencia.com.br\/#organization"},"potentialAction":[{"@type":"SearchAction","target":{"@type":"EntryPoint","urlTemplate":"https:\/\/arinteligencia.com.br\/?s={search_term_string}"},"query-input":{"@type":"PropertyValueSpecification","valueRequired":true,"valueName":"search_term_string"}}],"inLanguage":"pt-BR"},{"@type":"Organization","@id":"https:\/\/arinteligencia.com.br\/#organization","name":"A. R Intelig\u00eancia de Mercado","url":"https:\/\/arinteligencia.com.br\/","logo":{"@type":"ImageObject","inLanguage":"pt-BR","@id":"https:\/\/arinteligencia.com.br\/#\/schema\/logo\/image\/","url":"https:\/\/arinteligencia.com.br\/wp-content\/uploads\/2020\/11\/LOGO-BRANCO-SITE.png","contentUrl":"https:\/\/arinteligencia.com.br\/wp-content\/uploads\/2020\/11\/LOGO-BRANCO-SITE.png","width":289,"height":100,"caption":"A. R Intelig\u00eancia de Mercado"},"image":{"@id":"https:\/\/arinteligencia.com.br\/#\/schema\/logo\/image\/"}}]}},"_links":{"self":[{"href":"https:\/\/arinteligencia.com.br\/pt\/wp-json\/wp\/v2\/pages\/391","targetHints":{"allow":["GET"]}}],"collection":[{"href":"https:\/\/arinteligencia.com.br\/pt\/wp-json\/wp\/v2\/pages"}],"about":[{"href":"https:\/\/arinteligencia.com.br\/pt\/wp-json\/wp\/v2\/types\/page"}],"author":[{"embeddable":true,"href":"https:\/\/arinteligencia.com.br\/pt\/wp-json\/wp\/v2\/users\/1"}],"replies":[{"embeddable":true,"href":"https:\/\/arinteligencia.com.br\/pt\/wp-json\/wp\/v2\/comments?post=391"}],"version-history":[{"count":26,"href":"https:\/\/arinteligencia.com.br\/pt\/wp-json\/wp\/v2\/pages\/391\/revisions"}],"predecessor-version":[{"id":3391,"href":"https:\/\/arinteligencia.com.br\/pt\/wp-json\/wp\/v2\/pages\/391\/revisions\/3391"}],"wp:attachment":[{"href":"https:\/\/arinteligencia.com.br\/pt\/wp-json\/wp\/v2\/media?parent=391"}],"curies":[{"name":"wp","href":"https:\/\/api.w.org\/{rel}","templated":true}]}}