{"id":887,"date":"2020-11-30T14:49:48","date_gmt":"2020-11-30T17:49:48","guid":{"rendered":"https:\/\/arinteligencia.com.br\/?page_id=887"},"modified":"2025-08-05T14:38:39","modified_gmt":"2025-08-05T17:38:39","slug":"importacao-exportacao","status":"publish","type":"page","link":"https:\/\/arinteligencia.com.br\/pt\/importacao-exportacao\/","title":{"rendered":"Importa\u00e7\u00e3o &#038; Exporta\u00e7\u00e3o"},"content":{"rendered":"\t\t<div data-elementor-type=\"wp-page\" data-elementor-id=\"887\" class=\"elementor elementor-887\" data-elementor-post-type=\"page\">\n\t\t\t\t\t\t<section class=\"elementor-section elementor-top-section elementor-element elementor-element-74f9b1e elementor-section-height-min-height elementor-section-boxed elementor-section-height-default elementor-section-items-middle\" data-id=\"74f9b1e\" data-element_type=\"section\" data-settings=\"{&quot;background_background&quot;:&quot;classic&quot;}\">\n\t\t\t\t\t\t<div class=\"elementor-container elementor-column-gap-default\">\n\t\t\t\t\t<div class=\"elementor-column elementor-col-100 elementor-top-column elementor-element elementor-element-4251e65\" data-id=\"4251e65\" data-element_type=\"column\">\n\t\t\t<div class=\"elementor-widget-wrap elementor-element-populated\">\n\t\t\t\t\t\t<section class=\"elementor-section elementor-inner-section elementor-element elementor-element-ef7aabb elementor-section-boxed elementor-section-height-default elementor-section-height-default\" data-id=\"ef7aabb\" data-element_type=\"section\">\n\t\t\t\t\t\t<div class=\"elementor-container elementor-column-gap-default\">\n\t\t\t\t\t<div class=\"elementor-column elementor-col-100 elementor-inner-column elementor-element elementor-element-76113fb\" data-id=\"76113fb\" data-element_type=\"column\">\n\t\t\t<div class=\"elementor-widget-wrap elementor-element-populated\">\n\t\t\t\t\t\t<div class=\"elementor-element elementor-element-5d2a978 elementor-invisible elementor-widget elementor-widget-heading\" data-id=\"5d2a978\" data-element_type=\"widget\" data-settings=\"{&quot;_animation&quot;:&quot;fadeInDown&quot;}\" data-widget_type=\"heading.default\">\n\t\t\t\t\t<h2 class=\"elementor-heading-title elementor-size-default\"><span style=\"font-weight:300\">\u00c1reas de Atua\u00e7\u00e3o &gt;<\/span> Importa\u00e7\u00e3o &amp; Exporta\u00e7\u00e3o<\/h2>\t\t\t\t<\/div>\n\t\t\t\t<div class=\"elementor-element elementor-element-ed73a98 elementor-widget elementor-widget-text-editor\" data-id=\"ed73a98\" data-element_type=\"widget\" data-widget_type=\"text-editor.default\">\n\t\t\t\t\t\t\t\t\t<p>N\u00f3s levamos a sua empresa com seguran\u00e7a e assertividade para o Mercado Internacional<\/p>\t\t\t\t\t\t\t\t<\/div>\n\t\t\t\t\t<\/div>\n\t\t<\/div>\n\t\t\t\t\t<\/div>\n\t\t<\/section>\n\t\t\t\t<section class=\"elementor-section elementor-inner-section elementor-element elementor-element-d0208cc elementor-section-boxed elementor-section-height-default elementor-section-height-default\" data-id=\"d0208cc\" data-element_type=\"section\">\n\t\t\t\t\t\t<div class=\"elementor-container elementor-column-gap-default\">\n\t\t\t\t\t<div data-wts-url=\"https:\/\/arinteligencia.com.br\/areas-de-atuacao\/fertilizantes-inteligentes\/\" data-wts-link=\"yes\" data-wts-new-window=\"\" class=\"elementor-column elementor-col-25 elementor-inner-column elementor-element elementor-element-f7cd5e9 ae-link-yes elementor-invisible\" data-id=\"f7cd5e9\" data-element_type=\"column\" data-settings=\"{&quot;background_background&quot;:&quot;classic&quot;,&quot;animation&quot;:&quot;fadeInUp&quot;}\">\n\t\t\t<div class=\"elementor-widget-wrap elementor-element-populated\">\n\t\t\t\t\t<div class=\"elementor-background-overlay\"><\/div>\n\t\t\t\t\t\t<div class=\"elementor-element elementor-element-98938dc clickable elementor-widget elementor-widget-text-editor\" data-id=\"98938dc\" data-element_type=\"widget\" data-widget_type=\"text-editor.default\">\n\t\t\t\t\t\t\t\t\t<p>Fertilizantes Inteligentes &#8211; Ureia Agr\u00edcola 46%<\/p>\t\t\t\t\t\t\t\t<\/div>\n\t\t\t\t\t<\/div>\n\t\t<\/div>\n\t\t\t\t<div data-wts-url=\"https:\/\/arinteligencia.com.br\/areas-de-atuacao\/graos\/\" data-wts-link=\"yes\" data-wts-new-window=\"\" class=\"elementor-column elementor-col-25 elementor-inner-column elementor-element elementor-element-529fe0d ae-link-yes elementor-invisible\" data-id=\"529fe0d\" data-element_type=\"column\" data-settings=\"{&quot;background_background&quot;:&quot;classic&quot;,&quot;animation&quot;:&quot;fadeInDown&quot;}\">\n\t\t\t<div class=\"elementor-widget-wrap elementor-element-populated\">\n\t\t\t\t\t<div class=\"elementor-background-overlay\"><\/div>\n\t\t\t\t\t\t<div class=\"elementor-element elementor-element-40bdb58 clickable elementor-widget elementor-widget-text-editor\" data-id=\"40bdb58\" data-element_type=\"widget\" data-widget_type=\"text-editor.default\">\n\t\t\t\t\t\t\t\t\t<p>Gr\u00e3os<\/p>\t\t\t\t\t\t\t\t<\/div>\n\t\t\t\t<div class=\"elementor-element elementor-element-db8cff9 elementor-absolute elementor-widget elementor-widget-image\" data-id=\"db8cff9\" data-element_type=\"widget\" data-settings=\"{&quot;_position&quot;:&quot;absolute&quot;}\" data-widget_type=\"image.default\">\n\t\t\t\t\t\t\t\t\t\t\t\t\t\t\t\t<a href=\"https:\/\/arinteligencia.com.br\/areas-de-atuacao\/graos\/\">\n\t\t\t\t\t\t\t<img fetchpriority=\"high\" decoding=\"async\" width=\"200\" height=\"350\" src=\"https:\/\/arinteligencia.com.br\/wp-content\/uploads\/2020\/12\/blank.png\" class=\"attachment-large size-large wp-image-1080\" alt=\"\" srcset=\"https:\/\/arinteligencia.com.br\/wp-content\/uploads\/2020\/12\/blank.png 200w, https:\/\/arinteligencia.com.br\/wp-content\/uploads\/2020\/12\/blank-171x300.png 171w, https:\/\/arinteligencia.com.br\/wp-content\/uploads\/2020\/12\/blank-7x12.png 7w\" sizes=\"(max-width: 200px) 100vw, 200px\" \/>\t\t\t\t\t\t\t\t<\/a>\n\t\t\t\t\t\t\t\t\t\t\t\t\t\t\t<\/div>\n\t\t\t\t\t<\/div>\n\t\t<\/div>\n\t\t\t\t<div data-wts-url=\"https:\/\/arinteligencia.com.br\/areas-de-atuacao\/proteina-animal\/\" data-wts-link=\"yes\" data-wts-new-window=\"\" class=\"elementor-column elementor-col-25 elementor-inner-column elementor-element elementor-element-92cce7d ae-link-yes elementor-invisible\" data-id=\"92cce7d\" data-element_type=\"column\" data-settings=\"{&quot;background_background&quot;:&quot;classic&quot;,&quot;animation&quot;:&quot;fadeInDown&quot;}\">\n\t\t\t<div class=\"elementor-widget-wrap elementor-element-populated\">\n\t\t\t\t\t<div class=\"elementor-background-overlay\"><\/div>\n\t\t\t\t\t\t<div class=\"elementor-element elementor-element-4643ea6 clickable elementor-widget elementor-widget-text-editor\" data-id=\"4643ea6\" data-element_type=\"widget\" data-widget_type=\"text-editor.default\">\n\t\t\t\t\t\t\t\t\t<p>Prote\u00edna Animal<\/p>\t\t\t\t\t\t\t\t<\/div>\n\t\t\t\t<div class=\"elementor-element elementor-element-0a4f61b elementor-absolute elementor-widget elementor-widget-image\" data-id=\"0a4f61b\" data-element_type=\"widget\" data-settings=\"{&quot;_position&quot;:&quot;absolute&quot;}\" data-widget_type=\"image.default\">\n\t\t\t\t\t\t\t\t\t\t\t\t\t\t\t\t<a href=\"https:\/\/arinteligencia.com.br\/areas-de-atuacao\/proteina-animal\/\">\n\t\t\t\t\t\t\t<img fetchpriority=\"high\" decoding=\"async\" width=\"200\" height=\"350\" src=\"https:\/\/arinteligencia.com.br\/wp-content\/uploads\/2020\/12\/blank.png\" class=\"attachment-large size-large wp-image-1080\" alt=\"\" srcset=\"https:\/\/arinteligencia.com.br\/wp-content\/uploads\/2020\/12\/blank.png 200w, https:\/\/arinteligencia.com.br\/wp-content\/uploads\/2020\/12\/blank-171x300.png 171w, https:\/\/arinteligencia.com.br\/wp-content\/uploads\/2020\/12\/blank-7x12.png 7w\" sizes=\"(max-width: 200px) 100vw, 200px\" \/>\t\t\t\t\t\t\t\t<\/a>\n\t\t\t\t\t\t\t\t\t\t\t\t\t\t\t<\/div>\n\t\t\t\t\t<\/div>\n\t\t<\/div>\n\t\t\t\t<div data-wts-url=\"https:\/\/arinteligencia.com.br\/areas-de-atuacao\/acucar\/\" data-wts-link=\"yes\" data-wts-new-window=\"\" class=\"elementor-column elementor-col-25 elementor-inner-column elementor-element elementor-element-8aaf3b8 ae-link-yes elementor-invisible\" data-id=\"8aaf3b8\" data-element_type=\"column\" data-settings=\"{&quot;background_background&quot;:&quot;classic&quot;,&quot;motion_fx_motion_fx_mouse&quot;:&quot;yes&quot;,&quot;animation&quot;:&quot;fadeInUp&quot;}\">\n\t\t\t<div class=\"elementor-widget-wrap elementor-element-populated\">\n\t\t\t\t\t<div class=\"elementor-background-overlay\"><\/div>\n\t\t\t\t\t\t<div class=\"elementor-element elementor-element-415b758 clickable elementor-widget elementor-widget-text-editor\" data-id=\"415b758\" data-element_type=\"widget\" data-widget_type=\"text-editor.default\">\n\t\t\t\t\t\t\t\t\t<p>A\u00e7\u00facar<\/p>\t\t\t\t\t\t\t\t<\/div>\n\t\t\t\t<div class=\"elementor-element elementor-element-371a85f elementor-absolute elementor-widget elementor-widget-image\" data-id=\"371a85f\" data-element_type=\"widget\" data-settings=\"{&quot;_position&quot;:&quot;absolute&quot;}\" data-widget_type=\"image.default\">\n\t\t\t\t\t\t\t\t\t\t\t\t\t\t\t\t<a href=\"https:\/\/arinteligencia.com.br\/areas-de-atuacao\/acucar\/\">\n\t\t\t\t\t\t\t<img fetchpriority=\"high\" decoding=\"async\" width=\"200\" height=\"350\" src=\"https:\/\/arinteligencia.com.br\/wp-content\/uploads\/2020\/12\/blank.png\" class=\"attachment-large size-large wp-image-1080\" alt=\"\" srcset=\"https:\/\/arinteligencia.com.br\/wp-content\/uploads\/2020\/12\/blank.png 200w, https:\/\/arinteligencia.com.br\/wp-content\/uploads\/2020\/12\/blank-171x300.png 171w, https:\/\/arinteligencia.com.br\/wp-content\/uploads\/2020\/12\/blank-7x12.png 7w\" sizes=\"(max-width: 200px) 100vw, 200px\" \/>\t\t\t\t\t\t\t\t<\/a>\n\t\t\t\t\t\t\t\t\t\t\t\t\t\t\t<\/div>\n\t\t\t\t\t<\/div>\n\t\t<\/div>\n\t\t\t\t\t<\/div>\n\t\t<\/section>\n\t\t\t\t<section class=\"elementor-section elementor-inner-section elementor-element elementor-element-8d550ff elementor-hidden-desktop elementor-hidden-tablet elementor-hidden-phone elementor-section-boxed elementor-section-height-default elementor-section-height-default\" data-id=\"8d550ff\" data-element_type=\"section\">\n\t\t\t\t\t\t<div class=\"elementor-container elementor-column-gap-default\">\n\t\t\t\t\t<div data-wts-url=\"https:\/\/arinteligencia.com.br\/areas-de-atuacao\/petroleo-natural\/\" data-wts-link=\"yes\" data-wts-new-window=\"\" class=\"elementor-column elementor-col-25 elementor-inner-column elementor-element elementor-element-4f330fc ae-link-yes elementor-hidden-desktop elementor-hidden-tablet elementor-hidden-phone elementor-invisible\" data-id=\"4f330fc\" data-element_type=\"column\" data-settings=\"{&quot;background_background&quot;:&quot;classic&quot;,&quot;motion_fx_motion_fx_mouse&quot;:&quot;yes&quot;,&quot;animation&quot;:&quot;fadeInDown&quot;}\">\n\t\t\t<div class=\"elementor-widget-wrap elementor-element-populated\">\n\t\t\t\t\t<div class=\"elementor-background-overlay\"><\/div>\n\t\t\t\t\t\t<div class=\"elementor-element elementor-element-27d088b clickable elementor-widget elementor-widget-text-editor\" data-id=\"27d088b\" data-element_type=\"widget\" data-widget_type=\"text-editor.default\">\n\t\t\t\t\t\t\t\t\t<p>Petr\u00f3leo &amp; G\u00e1s Natural<\/p>\t\t\t\t\t\t\t\t<\/div>\n\t\t\t\t<div class=\"elementor-element elementor-element-ec1f8d0 elementor-absolute elementor-widget elementor-widget-image\" data-id=\"ec1f8d0\" data-element_type=\"widget\" data-settings=\"{&quot;_position&quot;:&quot;absolute&quot;}\" data-widget_type=\"image.default\">\n\t\t\t\t\t\t\t\t\t\t\t\t\t\t\t\t<a href=\"https:\/\/arinteligencia.com.br\/areas-de-atuacao\/petroleo-natural\/\">\n\t\t\t\t\t\t\t<img fetchpriority=\"high\" decoding=\"async\" width=\"200\" height=\"350\" src=\"https:\/\/arinteligencia.com.br\/wp-content\/uploads\/2020\/12\/blank.png\" class=\"attachment-large size-large wp-image-1080\" alt=\"\" srcset=\"https:\/\/arinteligencia.com.br\/wp-content\/uploads\/2020\/12\/blank.png 200w, https:\/\/arinteligencia.com.br\/wp-content\/uploads\/2020\/12\/blank-171x300.png 171w, https:\/\/arinteligencia.com.br\/wp-content\/uploads\/2020\/12\/blank-7x12.png 7w\" sizes=\"(max-width: 200px) 100vw, 200px\" \/>\t\t\t\t\t\t\t\t<\/a>\n\t\t\t\t\t\t\t\t\t\t\t\t\t\t\t<\/div>\n\t\t\t\t\t<\/div>\n\t\t<\/div>\n\t\t\t\t<div data-wts-url=\"https:\/\/arinteligencia.com.br\/areas-de-atuacao\/saude\/\" data-wts-link=\"yes\" data-wts-new-window=\"\" class=\"elementor-column elementor-col-25 elementor-inner-column elementor-element elementor-element-9a91c6a ae-link-yes elementor-hidden-desktop elementor-hidden-tablet elementor-hidden-phone elementor-invisible\" data-id=\"9a91c6a\" data-element_type=\"column\" data-settings=\"{&quot;background_background&quot;:&quot;classic&quot;,&quot;animation&quot;:&quot;fadeInUp&quot;}\">\n\t\t\t<div class=\"elementor-widget-wrap elementor-element-populated\">\n\t\t\t\t\t<div class=\"elementor-background-overlay\"><\/div>\n\t\t\t\t\t\t<div class=\"elementor-element elementor-element-42b0e26 clickable elementor-widget elementor-widget-text-editor\" data-id=\"42b0e26\" data-element_type=\"widget\" data-widget_type=\"text-editor.default\">\n\t\t\t\t\t\t\t\t\t<p>Sa\u00fade<\/p>\t\t\t\t\t\t\t\t<\/div>\n\t\t\t\t<div class=\"elementor-element elementor-element-f462d25 elementor-absolute elementor-widget elementor-widget-image\" data-id=\"f462d25\" data-element_type=\"widget\" data-settings=\"{&quot;_position&quot;:&quot;absolute&quot;}\" data-widget_type=\"image.default\">\n\t\t\t\t\t\t\t\t\t\t\t\t\t\t\t\t<a href=\"https:\/\/arinteligencia.com.br\/areas-de-atuacao\/saude\/\">\n\t\t\t\t\t\t\t<img fetchpriority=\"high\" decoding=\"async\" width=\"200\" height=\"350\" src=\"https:\/\/arinteligencia.com.br\/wp-content\/uploads\/2020\/12\/blank.png\" class=\"attachment-large size-large wp-image-1080\" alt=\"\" srcset=\"https:\/\/arinteligencia.com.br\/wp-content\/uploads\/2020\/12\/blank.png 200w, https:\/\/arinteligencia.com.br\/wp-content\/uploads\/2020\/12\/blank-171x300.png 171w, https:\/\/arinteligencia.com.br\/wp-content\/uploads\/2020\/12\/blank-7x12.png 7w\" sizes=\"(max-width: 200px) 100vw, 200px\" \/>\t\t\t\t\t\t\t\t<\/a>\n\t\t\t\t\t\t\t\t\t\t\t\t\t\t\t<\/div>\n\t\t\t\t\t<\/div>\n\t\t<\/div>\n\t\t\t\t<div data-wts-url=\"https:\/\/arinteligencia.com.br\/areas-de-atuacao\/cafe\/\" data-wts-link=\"yes\" data-wts-new-window=\"\" class=\"elementor-column elementor-col-25 elementor-inner-column elementor-element elementor-element-15454d1 ae-link-yes elementor-invisible\" data-id=\"15454d1\" data-element_type=\"column\" data-settings=\"{&quot;background_background&quot;:&quot;classic&quot;,&quot;animation&quot;:&quot;fadeInDown&quot;}\">\n\t\t\t<div class=\"elementor-widget-wrap elementor-element-populated\">\n\t\t\t\t\t<div class=\"elementor-background-overlay\"><\/div>\n\t\t\t\t\t\t<div class=\"elementor-element elementor-element-9fc6eea clickable elementor-widget elementor-widget-text-editor\" data-id=\"9fc6eea\" data-element_type=\"widget\" data-widget_type=\"text-editor.default\">\n\t\t\t\t\t\t\t\t\t<p>Caf\u00e9<\/p>\t\t\t\t\t\t\t\t<\/div>\n\t\t\t\t<div class=\"elementor-element elementor-element-e6bebcd elementor-absolute elementor-widget elementor-widget-image\" data-id=\"e6bebcd\" data-element_type=\"widget\" data-settings=\"{&quot;_position&quot;:&quot;absolute&quot;}\" data-widget_type=\"image.default\">\n\t\t\t\t\t\t\t\t\t\t\t\t\t\t\t\t<a href=\"https:\/\/arinteligencia.com.br\/areas-de-atuacao\/cafe\/\">\n\t\t\t\t\t\t\t<img fetchpriority=\"high\" decoding=\"async\" width=\"200\" height=\"350\" src=\"https:\/\/arinteligencia.com.br\/wp-content\/uploads\/2020\/12\/blank.png\" class=\"attachment-large size-large wp-image-1080\" alt=\"\" srcset=\"https:\/\/arinteligencia.com.br\/wp-content\/uploads\/2020\/12\/blank.png 200w, https:\/\/arinteligencia.com.br\/wp-content\/uploads\/2020\/12\/blank-171x300.png 171w, https:\/\/arinteligencia.com.br\/wp-content\/uploads\/2020\/12\/blank-7x12.png 7w\" sizes=\"(max-width: 200px) 100vw, 200px\" \/>\t\t\t\t\t\t\t\t<\/a>\n\t\t\t\t\t\t\t\t\t\t\t\t\t\t\t<\/div>\n\t\t\t\t\t<\/div>\n\t\t<\/div>\n\t\t\t\t<div class=\"elementor-column elementor-col-25 elementor-inner-column elementor-element elementor-element-a3a6e02 elementor-invisible\" data-id=\"a3a6e02\" data-element_type=\"column\" data-settings=\"{&quot;animation&quot;:&quot;fadeInDown&quot;}\">\n\t\t\t<div class=\"elementor-widget-wrap elementor-element-populated\">\n\t\t\t\t\t<div class=\"elementor-background-overlay\"><\/div>\n\t\t\t\t\t\t<div class=\"elementor-element elementor-element-767f7a4 clickable elementor-widget elementor-widget-text-editor\" data-id=\"767f7a4\" data-element_type=\"widget\" data-widget_type=\"text-editor.default\">\n\t\t\t\t\t\t\t\t\t<p>Prote\u00edna Animal<\/p>\t\t\t\t\t\t\t\t<\/div>\n\t\t\t\t\t<\/div>\n\t\t<\/div>\n\t\t\t\t\t<\/div>\n\t\t<\/section>\n\t\t\t\t\t<\/div>\n\t\t<\/div>\n\t\t\t\t\t<\/div>\n\t\t<\/section>\n\t\t\t\t<\/div>\n\t\t","protected":false},"excerpt":{"rendered":"<p>\u00c1reas de Atua\u00e7\u00e3o &gt; Importa\u00e7\u00e3o &amp; Exporta\u00e7\u00e3o N\u00f3s levamos a sua empresa com seguran\u00e7a e assertividade para o Mercado Internacional Fertilizantes Inteligentes &#8211; Ureia Agr\u00edcola 46% Gr\u00e3os Prote\u00edna Animal A\u00e7\u00facar Petr\u00f3leo &amp; G\u00e1s Natural Sa\u00fade Caf\u00e9 Prote\u00edna Animal<\/p>\n","protected":false},"author":1,"featured_media":630,"parent":0,"menu_order":0,"comment_status":"closed","ping_status":"closed","template":"elementor_header_footer","meta":{"footnotes":""},"class_list":["post-887","page","type-page","status-publish","has-post-thumbnail","hentry"],"yoast_head":"<!-- This site is optimized with the Yoast SEO plugin v25.7 - https:\/\/yoast.com\/wordpress\/plugins\/seo\/ -->\n<title>Importa\u00e7\u00e3o &amp; Exporta\u00e7\u00e3o - A. R Intelig\u00eancia de Mercado<\/title>\n<meta name=\"robots\" content=\"index, follow, max-snippet:-1, max-image-preview:large, max-video-preview:-1\" \/>\n<link rel=\"canonical\" href=\"https:\/\/arinteligencia.com.br\/pt\/importacao-exportacao\/\" \/>\n<meta property=\"og:locale\" content=\"pt_BR\" \/>\n<meta property=\"og:type\" content=\"article\" \/>\n<meta property=\"og:title\" content=\"Importa\u00e7\u00e3o &amp; Exporta\u00e7\u00e3o - A. R Intelig\u00eancia de Mercado\" \/>\n<meta property=\"og:description\" content=\"\u00c1reas de Atua\u00e7\u00e3o &gt; Importa\u00e7\u00e3o &amp; Exporta\u00e7\u00e3o N\u00f3s levamos a sua empresa com seguran\u00e7a e assertividade para o Mercado Internacional Fertilizantes Inteligentes &#8211; Ureia Agr\u00edcola 46% Gr\u00e3os Prote\u00edna Animal A\u00e7\u00facar Petr\u00f3leo &amp; G\u00e1s Natural Sa\u00fade Caf\u00e9 Prote\u00edna Animal\" \/>\n<meta property=\"og:url\" content=\"https:\/\/arinteligencia.com.br\/pt\/importacao-exportacao\/\" \/>\n<meta property=\"og:site_name\" content=\"A. R Intelig\u00eancia de Mercado\" \/>\n<meta property=\"article:modified_time\" content=\"2025-08-05T17:38:39+00:00\" \/>\n<meta property=\"og:image\" content=\"https:\/\/arinteligencia.com.br\/wp-content\/uploads\/2020\/11\/ricksnippet.png\" \/>\n\t<meta property=\"og:image:width\" content=\"1920\" \/>\n\t<meta property=\"og:image:height\" content=\"1080\" \/>\n\t<meta property=\"og:image:type\" content=\"image\/png\" \/>\n<meta name=\"twitter:card\" content=\"summary_large_image\" \/>\n<meta name=\"twitter:label1\" content=\"Est. tempo de leitura\" \/>\n\t<meta name=\"twitter:data1\" content=\"2 minutos\" \/>\n<script type=\"application\/ld+json\" class=\"yoast-schema-graph\">{\"@context\":\"https:\/\/schema.org\",\"@graph\":[{\"@type\":\"WebPage\",\"@id\":\"https:\/\/arinteligencia.com.br\/importacao-exportacao\/\",\"url\":\"https:\/\/arinteligencia.com.br\/importacao-exportacao\/\",\"name\":\"Importa\u00e7\u00e3o & Exporta\u00e7\u00e3o - A. R Intelig\u00eancia de Mercado\",\"isPartOf\":{\"@id\":\"https:\/\/arinteligencia.com.br\/#website\"},\"primaryImageOfPage\":{\"@id\":\"https:\/\/arinteligencia.com.br\/importacao-exportacao\/#primaryimage\"},\"image\":{\"@id\":\"https:\/\/arinteligencia.com.br\/importacao-exportacao\/#primaryimage\"},\"thumbnailUrl\":\"https:\/\/arinteligencia.com.br\/wp-content\/uploads\/2020\/11\/ricksnippet.png\",\"datePublished\":\"2020-11-30T17:49:48+00:00\",\"dateModified\":\"2025-08-05T17:38:39+00:00\",\"breadcrumb\":{\"@id\":\"https:\/\/arinteligencia.com.br\/importacao-exportacao\/#breadcrumb\"},\"inLanguage\":\"pt-BR\",\"potentialAction\":[{\"@type\":\"ReadAction\",\"target\":[\"https:\/\/arinteligencia.com.br\/importacao-exportacao\/\"]}]},{\"@type\":\"ImageObject\",\"inLanguage\":\"pt-BR\",\"@id\":\"https:\/\/arinteligencia.com.br\/importacao-exportacao\/#primaryimage\",\"url\":\"https:\/\/arinteligencia.com.br\/wp-content\/uploads\/2020\/11\/ricksnippet.png\",\"contentUrl\":\"https:\/\/arinteligencia.com.br\/wp-content\/uploads\/2020\/11\/ricksnippet.png\",\"width\":1920,\"height\":1080},{\"@type\":\"BreadcrumbList\",\"@id\":\"https:\/\/arinteligencia.com.br\/importacao-exportacao\/#breadcrumb\",\"itemListElement\":[{\"@type\":\"ListItem\",\"position\":1,\"name\":\"In\u00edcio\",\"item\":\"https:\/\/arinteligencia.com.br\/\"},{\"@type\":\"ListItem\",\"position\":2,\"name\":\"Importa\u00e7\u00e3o &#038; Exporta\u00e7\u00e3o\"}]},{\"@type\":\"WebSite\",\"@id\":\"https:\/\/arinteligencia.com.br\/#website\",\"url\":\"https:\/\/arinteligencia.com.br\/\",\"name\":\"A. R Intelig\u00eancia de Mercado\",\"description\":\"Intelig\u00eancia Competitiva\",\"publisher\":{\"@id\":\"https:\/\/arinteligencia.com.br\/#organization\"},\"potentialAction\":[{\"@type\":\"SearchAction\",\"target\":{\"@type\":\"EntryPoint\",\"urlTemplate\":\"https:\/\/arinteligencia.com.br\/?s={search_term_string}\"},\"query-input\":{\"@type\":\"PropertyValueSpecification\",\"valueRequired\":true,\"valueName\":\"search_term_string\"}}],\"inLanguage\":\"pt-BR\"},{\"@type\":\"Organization\",\"@id\":\"https:\/\/arinteligencia.com.br\/#organization\",\"name\":\"A. R Intelig\u00eancia de Mercado\",\"url\":\"https:\/\/arinteligencia.com.br\/\",\"logo\":{\"@type\":\"ImageObject\",\"inLanguage\":\"pt-BR\",\"@id\":\"https:\/\/arinteligencia.com.br\/#\/schema\/logo\/image\/\",\"url\":\"https:\/\/arinteligencia.com.br\/wp-content\/uploads\/2020\/11\/LOGO-BRANCO-SITE.png\",\"contentUrl\":\"https:\/\/arinteligencia.com.br\/wp-content\/uploads\/2020\/11\/LOGO-BRANCO-SITE.png\",\"width\":289,\"height\":100,\"caption\":\"A. R Intelig\u00eancia de Mercado\"},\"image\":{\"@id\":\"https:\/\/arinteligencia.com.br\/#\/schema\/logo\/image\/\"}}]}<\/script>\n<!-- \/ Yoast SEO plugin. -->","yoast_head_json":{"title":"Importa\u00e7\u00e3o & Exporta\u00e7\u00e3o - A. R Intelig\u00eancia de Mercado","robots":{"index":"index","follow":"follow","max-snippet":"max-snippet:-1","max-image-preview":"max-image-preview:large","max-video-preview":"max-video-preview:-1"},"canonical":"https:\/\/arinteligencia.com.br\/pt\/importacao-exportacao\/","og_locale":"pt_BR","og_type":"article","og_title":"Importa\u00e7\u00e3o & Exporta\u00e7\u00e3o - A. R Intelig\u00eancia de Mercado","og_description":"\u00c1reas de Atua\u00e7\u00e3o &gt; Importa\u00e7\u00e3o &amp; Exporta\u00e7\u00e3o N\u00f3s levamos a sua empresa com seguran\u00e7a e assertividade para o Mercado Internacional Fertilizantes Inteligentes &#8211; Ureia Agr\u00edcola 46% Gr\u00e3os Prote\u00edna Animal A\u00e7\u00facar Petr\u00f3leo &amp; G\u00e1s Natural Sa\u00fade Caf\u00e9 Prote\u00edna Animal","og_url":"https:\/\/arinteligencia.com.br\/pt\/importacao-exportacao\/","og_site_name":"A. R Intelig\u00eancia de Mercado","article_modified_time":"2025-08-05T17:38:39+00:00","og_image":[{"width":1920,"height":1080,"url":"https:\/\/arinteligencia.com.br\/wp-content\/uploads\/2020\/11\/ricksnippet.png","type":"image\/png"}],"twitter_card":"summary_large_image","twitter_misc":{"Est. tempo de leitura":"2 minutos"},"schema":{"@context":"https:\/\/schema.org","@graph":[{"@type":"WebPage","@id":"https:\/\/arinteligencia.com.br\/importacao-exportacao\/","url":"https:\/\/arinteligencia.com.br\/importacao-exportacao\/","name":"Importa\u00e7\u00e3o & Exporta\u00e7\u00e3o - A. R Intelig\u00eancia de Mercado","isPartOf":{"@id":"https:\/\/arinteligencia.com.br\/#website"},"primaryImageOfPage":{"@id":"https:\/\/arinteligencia.com.br\/importacao-exportacao\/#primaryimage"},"image":{"@id":"https:\/\/arinteligencia.com.br\/importacao-exportacao\/#primaryimage"},"thumbnailUrl":"https:\/\/arinteligencia.com.br\/wp-content\/uploads\/2020\/11\/ricksnippet.png","datePublished":"2020-11-30T17:49:48+00:00","dateModified":"2025-08-05T17:38:39+00:00","breadcrumb":{"@id":"https:\/\/arinteligencia.com.br\/importacao-exportacao\/#breadcrumb"},"inLanguage":"pt-BR","potentialAction":[{"@type":"ReadAction","target":["https:\/\/arinteligencia.com.br\/importacao-exportacao\/"]}]},{"@type":"ImageObject","inLanguage":"pt-BR","@id":"https:\/\/arinteligencia.com.br\/importacao-exportacao\/#primaryimage","url":"https:\/\/arinteligencia.com.br\/wp-content\/uploads\/2020\/11\/ricksnippet.png","contentUrl":"https:\/\/arinteligencia.com.br\/wp-content\/uploads\/2020\/11\/ricksnippet.png","width":1920,"height":1080},{"@type":"BreadcrumbList","@id":"https:\/\/arinteligencia.com.br\/importacao-exportacao\/#breadcrumb","itemListElement":[{"@type":"ListItem","position":1,"name":"In\u00edcio","item":"https:\/\/arinteligencia.com.br\/"},{"@type":"ListItem","position":2,"name":"Importa\u00e7\u00e3o &#038; Exporta\u00e7\u00e3o"}]},{"@type":"WebSite","@id":"https:\/\/arinteligencia.com.br\/#website","url":"https:\/\/arinteligencia.com.br\/","name":"A. R Intelig\u00eancia de Mercado","description":"Intelig\u00eancia Competitiva","publisher":{"@id":"https:\/\/arinteligencia.com.br\/#organization"},"potentialAction":[{"@type":"SearchAction","target":{"@type":"EntryPoint","urlTemplate":"https:\/\/arinteligencia.com.br\/?s={search_term_string}"},"query-input":{"@type":"PropertyValueSpecification","valueRequired":true,"valueName":"search_term_string"}}],"inLanguage":"pt-BR"},{"@type":"Organization","@id":"https:\/\/arinteligencia.com.br\/#organization","name":"A. R Intelig\u00eancia de Mercado","url":"https:\/\/arinteligencia.com.br\/","logo":{"@type":"ImageObject","inLanguage":"pt-BR","@id":"https:\/\/arinteligencia.com.br\/#\/schema\/logo\/image\/","url":"https:\/\/arinteligencia.com.br\/wp-content\/uploads\/2020\/11\/LOGO-BRANCO-SITE.png","contentUrl":"https:\/\/arinteligencia.com.br\/wp-content\/uploads\/2020\/11\/LOGO-BRANCO-SITE.png","width":289,"height":100,"caption":"A. R Intelig\u00eancia de Mercado"},"image":{"@id":"https:\/\/arinteligencia.com.br\/#\/schema\/logo\/image\/"}}]}},"_links":{"self":[{"href":"https:\/\/arinteligencia.com.br\/pt\/wp-json\/wp\/v2\/pages\/887","targetHints":{"allow":["GET"]}}],"collection":[{"href":"https:\/\/arinteligencia.com.br\/pt\/wp-json\/wp\/v2\/pages"}],"about":[{"href":"https:\/\/arinteligencia.com.br\/pt\/wp-json\/wp\/v2\/types\/page"}],"author":[{"embeddable":true,"href":"https:\/\/arinteligencia.com.br\/pt\/wp-json\/wp\/v2\/users\/1"}],"replies":[{"embeddable":true,"href":"https:\/\/arinteligencia.com.br\/pt\/wp-json\/wp\/v2\/comments?post=887"}],"version-history":[{"count":77,"href":"https:\/\/arinteligencia.com.br\/pt\/wp-json\/wp\/v2\/pages\/887\/revisions"}],"predecessor-version":[{"id":4270,"href":"https:\/\/arinteligencia.com.br\/pt\/wp-json\/wp\/v2\/pages\/887\/revisions\/4270"}],"wp:featuredmedia":[{"embeddable":true,"href":"https:\/\/arinteligencia.com.br\/pt\/wp-json\/wp\/v2\/media\/630"}],"wp:attachment":[{"href":"https:\/\/arinteligencia.com.br\/pt\/wp-json\/wp\/v2\/media?parent=887"}],"curies":[{"name":"wp","href":"https:\/\/api.w.org\/{rel}","templated":true}]}}